{"id":2189,"date":"2021-02-18T12:31:09","date_gmt":"2021-02-18T11:31:09","guid":{"rendered":"https:\/\/moplusmaquinaria.com\/why-moplus\/"},"modified":"2026-01-19T14:17:35","modified_gmt":"2026-01-19T13:17:35","slug":"why-moplus","status":"publish","type":"page","link":"https:\/\/moplusmaquinaria.com\/en\/why-moplus\/","title":{"rendered":"Why MOPLUS"},"content":{"rendered":"\t\t<div data-elementor-type=\"wp-page\" data-elementor-id=\"2189\" class=\"elementor elementor-2189 elementor-178\" data-elementor-post-type=\"page\">\n\t\t\t\t\t\t<section class=\"elementor-section elementor-top-section elementor-element elementor-element-a225b40 elementor-section-boxed elementor-section-height-default elementor-section-height-default\" data-id=\"a225b40\" data-element_type=\"section\" data-e-type=\"section\">\n\t\t\t\t\t\t<div class=\"elementor-container elementor-column-gap-default\">\n\t\t\t\t\t<div class=\"elementor-column elementor-col-100 elementor-top-column elementor-element elementor-element-663aa0a\" data-id=\"663aa0a\" data-element_type=\"column\" data-e-type=\"column\">\n\t\t\t<div class=\"elementor-widget-wrap elementor-element-populated\">\n\t\t\t\t\t\t<div class=\"elementor-element elementor-element-67a3e94 elementor-widget elementor-widget-heading\" data-id=\"67a3e94\" data-element_type=\"widget\" data-e-type=\"widget\" data-widget_type=\"heading.default\">\n\t\t\t\t<div class=\"elementor-widget-container\">\n\t\t\t\t\t<h1 class=\"elementor-heading-title elementor-size-default\">WHY <span class=\"orange\">MOPLUS<\/span><\/h1>\t\t\t\t<\/div>\n\t\t\t\t<\/div>\n\t\t\t\t\t<\/div>\n\t\t<\/div>\n\t\t\t\t\t<\/div>\n\t\t<\/section>\n\t\t\t\t<section class=\"elementor-section elementor-top-section elementor-element elementor-element-7ce5c4f elementor-section-boxed elementor-section-height-default elementor-section-height-default\" data-id=\"7ce5c4f\" data-element_type=\"section\" data-e-type=\"section\">\n\t\t\t\t\t\t<div class=\"elementor-container elementor-column-gap-default\">\n\t\t\t\t\t<div class=\"elementor-column elementor-col-50 elementor-top-column elementor-element elementor-element-27908e4\" data-id=\"27908e4\" data-element_type=\"column\" data-e-type=\"column\">\n\t\t\t<div class=\"elementor-widget-wrap elementor-element-populated\">\n\t\t\t\t\t\t<div class=\"elementor-element elementor-element-5975120 elementor-widget elementor-widget-text-editor\" data-id=\"5975120\" data-element_type=\"widget\" data-e-type=\"widget\" data-widget_type=\"text-editor.default\">\n\t\t\t\t<div class=\"elementor-widget-container\">\n\t\t\t\t\t\t\t\t\t<p>We have been <strong>working and gaining experience<\/strong> in heavy machinery and public works equipment for more than 40 years. This experience supports us and makes us <strong>experts in the sector<\/strong>.<\/p><p>Our experience of more than <strong>25 years as direct users of machinery<\/strong> in different works, the knowledge of the market and the stock that we have makes us your <strong>best advisor<\/strong> when it comes to finding the perfect machine for your needs.<\/p><p>The machinery we have crosses borders: We have a <strong>wide and varied stock<\/strong> of equipment from leading brands recognized in the international market with maintenance carried out in a strict and professional manner.<\/p>\t\t\t\t\t\t\t\t<\/div>\n\t\t\t\t<\/div>\n\t\t\t\t<div class=\"elementor-element elementor-element-cdc9026 maxi elementor-widget elementor-widget-button\" data-id=\"cdc9026\" data-element_type=\"widget\" data-e-type=\"widget\" data-widget_type=\"button.default\">\n\t\t\t\t<div class=\"elementor-widget-container\">\n\t\t\t\t\t\t\t\t\t<div class=\"elementor-button-wrapper\">\n\t\t\t\t\t<a class=\"elementor-button elementor-button-link elementor-size-xl\" href=\"https:\/\/moplusmaquinaria.com\/en\/machinery-listing\/\">\n\t\t\t\t\t\t<span class=\"elementor-button-content-wrapper\">\n\t\t\t\t\t\t<span class=\"elementor-button-icon\">\n\t\t\t\t\t\t\t<\/span>\n\t\t\t\t\t\t\t\t\t<span class=\"elementor-button-text\">Check our machinery<\/span>\n\t\t\t\t\t<\/span>\n\t\t\t\t\t<\/a>\n\t\t\t\t<\/div>\n\t\t\t\t\t\t\t\t<\/div>\n\t\t\t\t<\/div>\n\t\t\t\t\t<\/div>\n\t\t<\/div>\n\t\t\t\t<div class=\"elementor-column elementor-col-50 elementor-top-column elementor-element elementor-element-7c810ac\" data-id=\"7c810ac\" data-element_type=\"column\" data-e-type=\"column\">\n\t\t\t<div class=\"elementor-widget-wrap elementor-element-populated\">\n\t\t\t\t\t\t<div class=\"elementor-element elementor-element-95f8f1d elementor-widget__width-inherit elementor-widget elementor-widget-image\" data-id=\"95f8f1d\" data-element_type=\"widget\" data-e-type=\"widget\" data-widget_type=\"image.default\">\n\t\t\t\t<div class=\"elementor-widget-container\">\n\t\t\t\t\t\t\t\t\t\t\t\t\t\t\t<img fetchpriority=\"high\" decoding=\"async\" width=\"1051\" height=\"934\" src=\"https:\/\/moplusmaquinaria.com\/wp-content\/uploads\/2021\/05\/porque@2x-80.jpg\" class=\"attachment-full size-full wp-image-2190\" alt=\"because\" srcset=\"https:\/\/moplusmaquinaria.com\/wp-content\/uploads\/2021\/05\/porque@2x-80.jpg 1051w, https:\/\/moplusmaquinaria.com\/wp-content\/uploads\/2021\/05\/porque@2x-80-300x267.jpg 300w, https:\/\/moplusmaquinaria.com\/wp-content\/uploads\/2021\/05\/porque@2x-80-1024x910.jpg 1024w, https:\/\/moplusmaquinaria.com\/wp-content\/uploads\/2021\/05\/porque@2x-80-768x683.jpg 768w\" sizes=\"(max-width: 1051px) 100vw, 1051px\" \/>\t\t\t\t\t\t\t\t\t\t\t\t\t\t\t<\/div>\n\t\t\t\t<\/div>\n\t\t\t\t\t<\/div>\n\t\t<\/div>\n\t\t\t\t\t<\/div>\n\t\t<\/section>\n\t\t\t\t<\/div>\n\t\t","protected":false},"excerpt":{"rendered":"<p>WHY MOPLUS We have been working and gaining experience in heavy machinery and public works equipment for more than 40 years. This experience supports us and makes us experts in the sector. Our experience of more than 25 years as direct users of machinery in different works, the knowledge of the market and the stock [&hellip;]<\/p>\n","protected":false},"author":1,"featured_media":0,"parent":0,"menu_order":0,"comment_status":"closed","ping_status":"closed","template":"","meta":{"_acf_changed":false,"site-sidebar-layout":"no-sidebar","site-content-layout":"page-builder","ast-site-content-layout":"default","site-content-style":"default","site-sidebar-style":"default","ast-global-header-display":"","ast-banner-title-visibility":"","ast-main-header-display":"","ast-hfb-above-header-display":"","ast-hfb-below-header-display":"","ast-hfb-mobile-header-display":"","site-post-title":"disabled","ast-breadcrumbs-content":"","ast-featured-img":"disabled","footer-sml-layout":"","ast-disable-related-posts":"","theme-transparent-header-meta":"default","adv-header-id-meta":"","stick-header-meta":"default","header-above-stick-meta":"","header-main-stick-meta":"","header-below-stick-meta":"","astra-migrate-meta-layouts":"default","ast-page-background-enabled":"default","ast-page-background-meta":{"desktop":{"background-color":"var(--ast-global-color-4)","background-image":"","background-repeat":"repeat","background-position":"center center","background-size":"auto","background-attachment":"scroll","background-type":"","background-media":"","overlay-type":"","overlay-color":"","overlay-opacity":"","overlay-gradient":""},"tablet":{"background-color":"","background-image":"","background-repeat":"repeat","background-position":"center center","background-size":"auto","background-attachment":"scroll","background-type":"","background-media":"","overlay-type":"","overlay-color":"","overlay-opacity":"","overlay-gradient":""},"mobile":{"background-color":"","background-image":"","background-repeat":"repeat","background-position":"center center","background-size":"auto","background-attachment":"scroll","background-type":"","background-media":"","overlay-type":"","overlay-color":"","overlay-opacity":"","overlay-gradient":""}},"ast-content-background-meta":{"desktop":{"background-color":"var(--ast-global-color-5)","background-image":"","background-repeat":"repeat","background-position":"center center","background-size":"auto","background-attachment":"scroll","background-type":"","background-media":"","overlay-type":"","overlay-color":"","overlay-opacity":"","overlay-gradient":""},"tablet":{"background-color":"var(--ast-global-color-5)","background-image":"","background-repeat":"repeat","background-position":"center center","background-size":"auto","background-attachment":"scroll","background-type":"","background-media":"","overlay-type":"","overlay-color":"","overlay-opacity":"","overlay-gradient":""},"mobile":{"background-color":"var(--ast-global-color-5)","background-image":"","background-repeat":"repeat","background-position":"center center","background-size":"auto","background-attachment":"scroll","background-type":"","background-media":"","overlay-type":"","overlay-color":"","overlay-opacity":"","overlay-gradient":""}},"footnotes":""},"class_list":["post-2189","page","type-page","status-publish","hentry"],"acf":[],"yoast_head":"<!-- This site is optimized with the Yoast SEO plugin v27.2 - https:\/\/yoast.com\/product\/yoast-seo-wordpress\/ -->\n<title>Why MOPLUS - MOPLUS MACHINERY<\/title>\n<meta name=\"robots\" content=\"index, follow, max-snippet:-1, max-image-preview:large, max-video-preview:-1\" \/>\n<link rel=\"canonical\" href=\"https:\/\/moplusmaquinaria.com\/en\/why-moplus\/\" \/>\n<meta property=\"og:locale\" content=\"en_US\" \/>\n<meta property=\"og:type\" content=\"article\" \/>\n<meta property=\"og:title\" content=\"Why MOPLUS - MOPLUS MACHINERY\" \/>\n<meta property=\"og:description\" content=\"WHY MOPLUS We have been working and gaining experience in heavy machinery and public works equipment for more than 40 years. This experience supports us and makes us experts in the sector. Our experience of more than 25 years as direct users of machinery in different works, the knowledge of the market and the stock [&hellip;]\" \/>\n<meta property=\"og:url\" content=\"https:\/\/moplusmaquinaria.com\/en\/why-moplus\/\" \/>\n<meta property=\"og:site_name\" content=\"MOPLUS MACHINERY\" \/>\n<meta property=\"article:modified_time\" content=\"2026-01-19T13:17:35+00:00\" \/>\n<meta property=\"og:image\" content=\"https:\/\/moplusmaquinaria.com\/wp-content\/uploads\/2021\/05\/porque@2x-80.jpg?v=1766503871\" \/>\n<meta name=\"twitter:card\" content=\"summary_large_image\" \/>\n<meta name=\"twitter:label1\" content=\"Est. reading time\" \/>\n\t<meta name=\"twitter:data1\" content=\"1 minute\" \/>\n<script type=\"application\/ld+json\" class=\"yoast-schema-graph\">{\"@context\":\"https:\/\/schema.org\",\"@graph\":[{\"@type\":\"WebPage\",\"@id\":\"https:\/\/moplusmaquinaria.com\/en\/why-moplus\/\",\"url\":\"https:\/\/moplusmaquinaria.com\/en\/why-moplus\/\",\"name\":\"Why MOPLUS - MOPLUS MACHINERY\",\"isPartOf\":{\"@id\":\"https:\/\/moplusmaquinaria.com\/en\/#website\"},\"primaryImageOfPage\":{\"@id\":\"https:\/\/moplusmaquinaria.com\/en\/why-moplus\/#primaryimage\"},\"image\":{\"@id\":\"https:\/\/moplusmaquinaria.com\/en\/why-moplus\/#primaryimage\"},\"thumbnailUrl\":\"https:\/\/moplusmaquinaria.com\/wp-content\/uploads\/2021\/05\/porque@2x-80.jpg?v=1766503871\",\"datePublished\":\"2021-02-18T11:31:09+00:00\",\"dateModified\":\"2026-01-19T13:17:35+00:00\",\"breadcrumb\":{\"@id\":\"https:\/\/moplusmaquinaria.com\/en\/why-moplus\/#breadcrumb\"},\"inLanguage\":\"en-US\",\"potentialAction\":[{\"@type\":\"ReadAction\",\"target\":[\"https:\/\/moplusmaquinaria.com\/en\/why-moplus\/\"]}]},{\"@type\":\"ImageObject\",\"inLanguage\":\"en-US\",\"@id\":\"https:\/\/moplusmaquinaria.com\/en\/why-moplus\/#primaryimage\",\"url\":\"https:\/\/moplusmaquinaria.com\/wp-content\/uploads\/2021\/05\/porque@2x-80.jpg?v=1766503871\",\"contentUrl\":\"https:\/\/moplusmaquinaria.com\/wp-content\/uploads\/2021\/05\/porque@2x-80.jpg?v=1766503871\"},{\"@type\":\"BreadcrumbList\",\"@id\":\"https:\/\/moplusmaquinaria.com\/en\/why-moplus\/#breadcrumb\",\"itemListElement\":[{\"@type\":\"ListItem\",\"position\":1,\"name\":\"Home\",\"item\":\"https:\/\/moplusmaquinaria.com\/en\/\"},{\"@type\":\"ListItem\",\"position\":2,\"name\":\"Why MOPLUS\"}]},{\"@type\":\"WebSite\",\"@id\":\"https:\/\/moplusmaquinaria.com\/en\/#website\",\"url\":\"https:\/\/moplusmaquinaria.com\/en\/\",\"name\":\"MAQUINARIA OBRA PUBLICA USADA, S.A.\",\"description\":\"Venta de maquinar\u00eda pesada y obra p\u00fablica, m\u00e1s de 40 a\u00f1os de experiencia nos avalan.\",\"publisher\":{\"@id\":\"https:\/\/moplusmaquinaria.com\/en\/#organization\"},\"potentialAction\":[{\"@type\":\"SearchAction\",\"target\":{\"@type\":\"EntryPoint\",\"urlTemplate\":\"https:\/\/moplusmaquinaria.com\/en\/?s={search_term_string}\"},\"query-input\":{\"@type\":\"PropertyValueSpecification\",\"valueRequired\":true,\"valueName\":\"search_term_string\"}}],\"inLanguage\":\"en-US\"},{\"@type\":\"Organization\",\"@id\":\"https:\/\/moplusmaquinaria.com\/en\/#organization\",\"name\":\"MOPLUS\",\"url\":\"https:\/\/moplusmaquinaria.com\/en\/\",\"logo\":{\"@type\":\"ImageObject\",\"inLanguage\":\"en-US\",\"@id\":\"https:\/\/moplusmaquinaria.com\/en\/#\/schema\/logo\/image\/\",\"url\":\"https:\/\/moplusmaquinaria.com\/wp-content\/uploads\/2025\/12\/MOPLUS-color.png?v=1766503610\",\"contentUrl\":\"https:\/\/moplusmaquinaria.com\/wp-content\/uploads\/2025\/12\/MOPLUS-color.png?v=1766503610\",\"width\":1921,\"height\":377,\"caption\":\"MOPLUS\"},\"image\":{\"@id\":\"https:\/\/moplusmaquinaria.com\/en\/#\/schema\/logo\/image\/\"}}]}<\/script>\n<!-- \/ Yoast SEO plugin. -->","yoast_head_json":{"title":"Why MOPLUS - MOPLUS MACHINERY","robots":{"index":"index","follow":"follow","max-snippet":"max-snippet:-1","max-image-preview":"max-image-preview:large","max-video-preview":"max-video-preview:-1"},"canonical":"https:\/\/moplusmaquinaria.com\/en\/why-moplus\/","og_locale":"en_US","og_type":"article","og_title":"Why MOPLUS - MOPLUS MACHINERY","og_description":"WHY MOPLUS We have been working and gaining experience in heavy machinery and public works equipment for more than 40 years. This experience supports us and makes us experts in the sector. Our experience of more than 25 years as direct users of machinery in different works, the knowledge of the market and the stock [&hellip;]","og_url":"https:\/\/moplusmaquinaria.com\/en\/why-moplus\/","og_site_name":"MOPLUS MACHINERY","article_modified_time":"2026-01-19T13:17:35+00:00","og_image":[{"url":"https:\/\/moplusmaquinaria.com\/wp-content\/uploads\/2021\/05\/porque@2x-80.jpg?v=1766503871","type":"","width":"","height":""}],"twitter_card":"summary_large_image","twitter_misc":{"Est. reading time":"1 minute"},"schema":{"@context":"https:\/\/schema.org","@graph":[{"@type":"WebPage","@id":"https:\/\/moplusmaquinaria.com\/en\/why-moplus\/","url":"https:\/\/moplusmaquinaria.com\/en\/why-moplus\/","name":"Why MOPLUS - MOPLUS MACHINERY","isPartOf":{"@id":"https:\/\/moplusmaquinaria.com\/en\/#website"},"primaryImageOfPage":{"@id":"https:\/\/moplusmaquinaria.com\/en\/why-moplus\/#primaryimage"},"image":{"@id":"https:\/\/moplusmaquinaria.com\/en\/why-moplus\/#primaryimage"},"thumbnailUrl":"https:\/\/moplusmaquinaria.com\/wp-content\/uploads\/2021\/05\/porque@2x-80.jpg?v=1766503871","datePublished":"2021-02-18T11:31:09+00:00","dateModified":"2026-01-19T13:17:35+00:00","breadcrumb":{"@id":"https:\/\/moplusmaquinaria.com\/en\/why-moplus\/#breadcrumb"},"inLanguage":"en-US","potentialAction":[{"@type":"ReadAction","target":["https:\/\/moplusmaquinaria.com\/en\/why-moplus\/"]}]},{"@type":"ImageObject","inLanguage":"en-US","@id":"https:\/\/moplusmaquinaria.com\/en\/why-moplus\/#primaryimage","url":"https:\/\/moplusmaquinaria.com\/wp-content\/uploads\/2021\/05\/porque@2x-80.jpg?v=1766503871","contentUrl":"https:\/\/moplusmaquinaria.com\/wp-content\/uploads\/2021\/05\/porque@2x-80.jpg?v=1766503871"},{"@type":"BreadcrumbList","@id":"https:\/\/moplusmaquinaria.com\/en\/why-moplus\/#breadcrumb","itemListElement":[{"@type":"ListItem","position":1,"name":"Home","item":"https:\/\/moplusmaquinaria.com\/en\/"},{"@type":"ListItem","position":2,"name":"Why MOPLUS"}]},{"@type":"WebSite","@id":"https:\/\/moplusmaquinaria.com\/en\/#website","url":"https:\/\/moplusmaquinaria.com\/en\/","name":"MAQUINARIA OBRA PUBLICA USADA, S.A.","description":"Venta de maquinar\u00eda pesada y obra p\u00fablica, m\u00e1s de 40 a\u00f1os de experiencia nos avalan.","publisher":{"@id":"https:\/\/moplusmaquinaria.com\/en\/#organization"},"potentialAction":[{"@type":"SearchAction","target":{"@type":"EntryPoint","urlTemplate":"https:\/\/moplusmaquinaria.com\/en\/?s={search_term_string}"},"query-input":{"@type":"PropertyValueSpecification","valueRequired":true,"valueName":"search_term_string"}}],"inLanguage":"en-US"},{"@type":"Organization","@id":"https:\/\/moplusmaquinaria.com\/en\/#organization","name":"MOPLUS","url":"https:\/\/moplusmaquinaria.com\/en\/","logo":{"@type":"ImageObject","inLanguage":"en-US","@id":"https:\/\/moplusmaquinaria.com\/en\/#\/schema\/logo\/image\/","url":"https:\/\/moplusmaquinaria.com\/wp-content\/uploads\/2025\/12\/MOPLUS-color.png?v=1766503610","contentUrl":"https:\/\/moplusmaquinaria.com\/wp-content\/uploads\/2025\/12\/MOPLUS-color.png?v=1766503610","width":1921,"height":377,"caption":"MOPLUS"},"image":{"@id":"https:\/\/moplusmaquinaria.com\/en\/#\/schema\/logo\/image\/"}}]}},"_links":{"self":[{"href":"https:\/\/moplusmaquinaria.com\/en\/wp-json\/wp\/v2\/pages\/2189","targetHints":{"allow":["GET"]}}],"collection":[{"href":"https:\/\/moplusmaquinaria.com\/en\/wp-json\/wp\/v2\/pages"}],"about":[{"href":"https:\/\/moplusmaquinaria.com\/en\/wp-json\/wp\/v2\/types\/page"}],"author":[{"embeddable":true,"href":"https:\/\/moplusmaquinaria.com\/en\/wp-json\/wp\/v2\/users\/1"}],"replies":[{"embeddable":true,"href":"https:\/\/moplusmaquinaria.com\/en\/wp-json\/wp\/v2\/comments?post=2189"}],"version-history":[{"count":2,"href":"https:\/\/moplusmaquinaria.com\/en\/wp-json\/wp\/v2\/pages\/2189\/revisions"}],"predecessor-version":[{"id":2192,"href":"https:\/\/moplusmaquinaria.com\/en\/wp-json\/wp\/v2\/pages\/2189\/revisions\/2192"}],"wp:attachment":[{"href":"https:\/\/moplusmaquinaria.com\/en\/wp-json\/wp\/v2\/media?parent=2189"}],"curies":[{"name":"wp","href":"https:\/\/api.w.org\/{rel}","templated":true}]}}