{"id":2390,"date":"2021-02-18T12:41:32","date_gmt":"2021-02-18T11:41:32","guid":{"rendered":"https:\/\/moplusmaquinaria.com\/we-are-looking-for\/"},"modified":"2026-03-24T18:10:26","modified_gmt":"2026-03-24T17:10:26","slug":"we-are-looking-for","status":"publish","type":"page","link":"https:\/\/moplusmaquinaria.com\/en\/we-are-looking-for\/","title":{"rendered":"We are looking for"},"content":{"rendered":"\t\t<div data-elementor-type=\"wp-page\" data-elementor-id=\"2390\" class=\"elementor elementor-2390 elementor-209\" data-elementor-post-type=\"page\">\n\t\t\t\t\t\t<section class=\"elementor-section elementor-top-section elementor-element elementor-element-a225b40 elementor-section-boxed elementor-section-height-default elementor-section-height-default\" data-id=\"a225b40\" data-element_type=\"section\" data-e-type=\"section\">\n\t\t\t\t\t\t<div class=\"elementor-container elementor-column-gap-default\">\n\t\t\t\t\t<div class=\"elementor-column elementor-col-100 elementor-top-column elementor-element elementor-element-663aa0a\" data-id=\"663aa0a\" data-element_type=\"column\" data-e-type=\"column\">\n\t\t\t<div class=\"elementor-widget-wrap elementor-element-populated\">\n\t\t\t\t\t\t<div class=\"elementor-element elementor-element-67a3e94 elementor-widget elementor-widget-heading\" data-id=\"67a3e94\" data-element_type=\"widget\" data-e-type=\"widget\" data-widget_type=\"heading.default\">\n\t\t\t\t<div class=\"elementor-widget-container\">\n\t\t\t\t\t<h1 class=\"elementor-heading-title elementor-size-default\">WE ARE LOOKING FOR<\/h1>\t\t\t\t<\/div>\n\t\t\t\t<\/div>\n\t\t\t\t\t<\/div>\n\t\t<\/div>\n\t\t\t\t\t<\/div>\n\t\t<\/section>\n\t\t\t\t<section class=\"elementor-section elementor-top-section elementor-element elementor-element-7ce5c4f elementor-section-boxed elementor-section-height-default elementor-section-height-default\" data-id=\"7ce5c4f\" data-element_type=\"section\" data-e-type=\"section\">\n\t\t\t\t\t\t<div class=\"elementor-container elementor-column-gap-default\">\n\t\t\t\t\t<div class=\"elementor-column elementor-col-50 elementor-top-column elementor-element elementor-element-27908e4\" data-id=\"27908e4\" data-element_type=\"column\" data-e-type=\"column\">\n\t\t\t<div class=\"elementor-widget-wrap elementor-element-populated\">\n\t\t\t\t\t\t<div class=\"elementor-element elementor-element-5975120 listado elementor-widget elementor-widget-text-editor\" data-id=\"5975120\" data-element_type=\"widget\" data-e-type=\"widget\" data-widget_type=\"text-editor.default\">\n\t\t\t\t<div class=\"elementor-widget-container\">\n\t\t\t\t\t\t\t\t\t<p>At <strong>MOPLUS, we stay up-to-date<\/strong> and are always <strong>attentive to the needs<\/strong> that may arise for our customers. Therefore, we <strong>continuously renew and seek<\/strong> <strong>new machinery<\/strong> to offer our clients. <\/p><p>We are currently <strong>interested in:<\/strong><\/p><ul><li><strong>Excavators:<\/strong> CAT (from CAT320 to CAT345) and Komatsu (from PC210 to PC490), from 2006 onwards.<\/li><li><strong>Backhoe loaders:<\/strong> JCB model 3CX and CAT 428 and 432, from 2006 onwards.<\/li><li><strong>Loaders:<\/strong> CAT (from CAT938 to CAT980), Komatsu (from WA250 to WA470) and Volvo (from L90 to L180), from 2006 onwards.<\/li><li><strong>Dozers:<\/strong> CAT (from D5 to D9) and Komatsu (from D51 to D275), from 2006 onwards.<\/li><\/ul><p><strong>Do you have any of these machines?<\/strong><br>Get in touch with us!<\/p>\t\t\t\t\t\t\t\t<\/div>\n\t\t\t\t<\/div>\n\t\t\t\t<div class=\"elementor-element elementor-element-cdc9026 maxi elementor-widget elementor-widget-button\" data-id=\"cdc9026\" data-element_type=\"widget\" data-e-type=\"widget\" data-widget_type=\"button.default\">\n\t\t\t\t<div class=\"elementor-widget-container\">\n\t\t\t\t\t\t\t\t\t<div class=\"elementor-button-wrapper\">\n\t\t\t\t\t<a class=\"elementor-button elementor-button-link elementor-size-xl\" href=\"https:\/\/moplusmaquinaria.com\/en\/contact\/\">\n\t\t\t\t\t\t<span class=\"elementor-button-content-wrapper\">\n\t\t\t\t\t\t\t\t\t<span class=\"elementor-button-text\">CONTACT US<\/span>\n\t\t\t\t\t<\/span>\n\t\t\t\t\t<\/a>\n\t\t\t\t<\/div>\n\t\t\t\t\t\t\t\t<\/div>\n\t\t\t\t<\/div>\n\t\t\t\t\t<\/div>\n\t\t<\/div>\n\t\t\t\t<div class=\"elementor-column elementor-col-50 elementor-top-column elementor-element elementor-element-7c810ac\" data-id=\"7c810ac\" data-element_type=\"column\" data-e-type=\"column\">\n\t\t\t<div class=\"elementor-widget-wrap elementor-element-populated\">\n\t\t\t\t\t\t<div class=\"elementor-element elementor-element-95f8f1d elementor-widget__width-inherit elementor-widget elementor-widget-image\" data-id=\"95f8f1d\" data-element_type=\"widget\" data-e-type=\"widget\" data-widget_type=\"image.default\">\n\t\t\t\t<div class=\"elementor-widget-container\">\n\t\t\t\t\t\t\t\t\t\t\t\t\t\t\t<img fetchpriority=\"high\" decoding=\"async\" width=\"1051\" height=\"1473\" src=\"https:\/\/moplusmaquinaria.com\/wp-content\/uploads\/2021\/02\/BUSCAMOS@2x.png\" class=\"attachment-full size-full wp-image-2391\" alt=\"WE ARE LOOKING FOR@2x\" srcset=\"https:\/\/moplusmaquinaria.com\/wp-content\/uploads\/2021\/02\/BUSCAMOS@2x.png 1051w, https:\/\/moplusmaquinaria.com\/wp-content\/uploads\/2021\/02\/BUSCAMOS@2x-214x300.png 214w, https:\/\/moplusmaquinaria.com\/wp-content\/uploads\/2021\/02\/BUSCAMOS@2x-731x1024.png 731w, https:\/\/moplusmaquinaria.com\/wp-content\/uploads\/2021\/02\/BUSCAMOS@2x-768x1076.png 768w\" sizes=\"(max-width: 1051px) 100vw, 1051px\" \/>\t\t\t\t\t\t\t\t\t\t\t\t\t\t\t<\/div>\n\t\t\t\t<\/div>\n\t\t\t\t\t<\/div>\n\t\t<\/div>\n\t\t\t\t\t<\/div>\n\t\t<\/section>\n\t\t\t\t<\/div>\n\t\t","protected":false},"excerpt":{"rendered":"<p>WE ARE LOOKING FOR At MOPLUS, we stay up-to-date and are always attentive to the needs that may arise for our customers. Therefore, we continuously renew and seek new machinery to offer our clients. We are currently interested in: Excavators: CAT (from CAT320 to CAT345) and Komatsu (from PC210 to PC490), from 2006 onwards. Backhoe [&hellip;]<\/p>\n","protected":false},"author":1,"featured_media":0,"parent":0,"menu_order":0,"comment_status":"closed","ping_status":"closed","template":"","meta":{"_acf_changed":false,"site-sidebar-layout":"no-sidebar","site-content-layout":"page-builder","ast-site-content-layout":"full-width-container","site-content-style":"unboxed","site-sidebar-style":"unboxed","ast-global-header-display":"","ast-banner-title-visibility":"","ast-main-header-display":"","ast-hfb-above-header-display":"","ast-hfb-below-header-display":"","ast-hfb-mobile-header-display":"","site-post-title":"disabled","ast-breadcrumbs-content":"","ast-featured-img":"disabled","footer-sml-layout":"","ast-disable-related-posts":"","theme-transparent-header-meta":"default","adv-header-id-meta":"","stick-header-meta":"default","header-above-stick-meta":"","header-main-stick-meta":"","header-below-stick-meta":"","astra-migrate-meta-layouts":"set","ast-page-background-enabled":"default","ast-page-background-meta":{"desktop":{"background-color":"var(--ast-global-color-4)","background-image":"","background-repeat":"repeat","background-position":"center center","background-size":"auto","background-attachment":"scroll","background-type":"","background-media":"","overlay-type":"","overlay-color":"","overlay-opacity":"","overlay-gradient":""},"tablet":{"background-color":"","background-image":"","background-repeat":"repeat","background-position":"center center","background-size":"auto","background-attachment":"scroll","background-type":"","background-media":"","overlay-type":"","overlay-color":"","overlay-opacity":"","overlay-gradient":""},"mobile":{"background-color":"","background-image":"","background-repeat":"repeat","background-position":"center center","background-size":"auto","background-attachment":"scroll","background-type":"","background-media":"","overlay-type":"","overlay-color":"","overlay-opacity":"","overlay-gradient":""}},"ast-content-background-meta":{"desktop":{"background-color":"var(--ast-global-color-5)","background-image":"","background-repeat":"repeat","background-position":"center center","background-size":"auto","background-attachment":"scroll","background-type":"","background-media":"","overlay-type":"","overlay-color":"","overlay-opacity":"","overlay-gradient":""},"tablet":{"background-color":"var(--ast-global-color-5)","background-image":"","background-repeat":"repeat","background-position":"center center","background-size":"auto","background-attachment":"scroll","background-type":"","background-media":"","overlay-type":"","overlay-color":"","overlay-opacity":"","overlay-gradient":""},"mobile":{"background-color":"var(--ast-global-color-5)","background-image":"","background-repeat":"repeat","background-position":"center center","background-size":"auto","background-attachment":"scroll","background-type":"","background-media":"","overlay-type":"","overlay-color":"","overlay-opacity":"","overlay-gradient":""}},"footnotes":""},"class_list":["post-2390","page","type-page","status-publish","hentry"],"acf":[],"yoast_head":"<!-- This site is optimized with the Yoast SEO plugin v27.2 - https:\/\/yoast.com\/product\/yoast-seo-wordpress\/ -->\n<title>We are looking for - MOPLUS MACHINERY<\/title>\n<meta name=\"robots\" content=\"index, follow, max-snippet:-1, max-image-preview:large, max-video-preview:-1\" \/>\n<link rel=\"canonical\" href=\"https:\/\/moplusmaquinaria.com\/en\/we-are-looking-for\/\" \/>\n<meta property=\"og:locale\" content=\"en_US\" \/>\n<meta property=\"og:type\" content=\"article\" \/>\n<meta property=\"og:title\" content=\"We are looking for - MOPLUS MACHINERY\" \/>\n<meta property=\"og:description\" content=\"WE ARE LOOKING FOR At MOPLUS, we stay up-to-date and are always attentive to the needs that may arise for our customers. Therefore, we continuously renew and seek new machinery to offer our clients. We are currently interested in: Excavators: CAT (from CAT320 to CAT345) and Komatsu (from PC210 to PC490), from 2006 onwards. Backhoe [&hellip;]\" \/>\n<meta property=\"og:url\" content=\"https:\/\/moplusmaquinaria.com\/en\/we-are-looking-for\/\" \/>\n<meta property=\"og:site_name\" content=\"MOPLUS MACHINERY\" \/>\n<meta property=\"article:modified_time\" content=\"2026-03-24T17:10:26+00:00\" \/>\n<meta property=\"og:image\" content=\"https:\/\/moplusmaquinaria.com\/wp-content\/uploads\/2021\/02\/BUSCAMOS@2x.png?v=1766503885\" \/>\n<meta name=\"twitter:card\" content=\"summary_large_image\" \/>\n<meta name=\"twitter:label1\" content=\"Est. reading time\" \/>\n\t<meta name=\"twitter:data1\" content=\"1 minute\" \/>\n<script type=\"application\/ld+json\" class=\"yoast-schema-graph\">{\"@context\":\"https:\/\/schema.org\",\"@graph\":[{\"@type\":\"WebPage\",\"@id\":\"https:\/\/moplusmaquinaria.com\/en\/we-are-looking-for\/\",\"url\":\"https:\/\/moplusmaquinaria.com\/en\/we-are-looking-for\/\",\"name\":\"We are looking for - MOPLUS MACHINERY\",\"isPartOf\":{\"@id\":\"https:\/\/moplusmaquinaria.com\/en\/#website\"},\"primaryImageOfPage\":{\"@id\":\"https:\/\/moplusmaquinaria.com\/en\/we-are-looking-for\/#primaryimage\"},\"image\":{\"@id\":\"https:\/\/moplusmaquinaria.com\/en\/we-are-looking-for\/#primaryimage\"},\"thumbnailUrl\":\"https:\/\/moplusmaquinaria.com\/wp-content\/uploads\/2021\/02\/BUSCAMOS@2x.png?v=1766503885\",\"datePublished\":\"2021-02-18T11:41:32+00:00\",\"dateModified\":\"2026-03-24T17:10:26+00:00\",\"breadcrumb\":{\"@id\":\"https:\/\/moplusmaquinaria.com\/en\/we-are-looking-for\/#breadcrumb\"},\"inLanguage\":\"en-US\",\"potentialAction\":[{\"@type\":\"ReadAction\",\"target\":[\"https:\/\/moplusmaquinaria.com\/en\/we-are-looking-for\/\"]}]},{\"@type\":\"ImageObject\",\"inLanguage\":\"en-US\",\"@id\":\"https:\/\/moplusmaquinaria.com\/en\/we-are-looking-for\/#primaryimage\",\"url\":\"https:\/\/moplusmaquinaria.com\/wp-content\/uploads\/2021\/02\/BUSCAMOS@2x.png?v=1766503885\",\"contentUrl\":\"https:\/\/moplusmaquinaria.com\/wp-content\/uploads\/2021\/02\/BUSCAMOS@2x.png?v=1766503885\"},{\"@type\":\"BreadcrumbList\",\"@id\":\"https:\/\/moplusmaquinaria.com\/en\/we-are-looking-for\/#breadcrumb\",\"itemListElement\":[{\"@type\":\"ListItem\",\"position\":1,\"name\":\"Home\",\"item\":\"https:\/\/moplusmaquinaria.com\/en\/\"},{\"@type\":\"ListItem\",\"position\":2,\"name\":\"We are looking for\"}]},{\"@type\":\"WebSite\",\"@id\":\"https:\/\/moplusmaquinaria.com\/en\/#website\",\"url\":\"https:\/\/moplusmaquinaria.com\/en\/\",\"name\":\"MAQUINARIA OBRA PUBLICA USADA, S.A.\",\"description\":\"Venta de maquinar\u00eda pesada y obra p\u00fablica, m\u00e1s de 40 a\u00f1os de experiencia nos avalan.\",\"publisher\":{\"@id\":\"https:\/\/moplusmaquinaria.com\/en\/#organization\"},\"potentialAction\":[{\"@type\":\"SearchAction\",\"target\":{\"@type\":\"EntryPoint\",\"urlTemplate\":\"https:\/\/moplusmaquinaria.com\/en\/?s={search_term_string}\"},\"query-input\":{\"@type\":\"PropertyValueSpecification\",\"valueRequired\":true,\"valueName\":\"search_term_string\"}}],\"inLanguage\":\"en-US\"},{\"@type\":\"Organization\",\"@id\":\"https:\/\/moplusmaquinaria.com\/en\/#organization\",\"name\":\"MOPLUS\",\"url\":\"https:\/\/moplusmaquinaria.com\/en\/\",\"logo\":{\"@type\":\"ImageObject\",\"inLanguage\":\"en-US\",\"@id\":\"https:\/\/moplusmaquinaria.com\/en\/#\/schema\/logo\/image\/\",\"url\":\"https:\/\/moplusmaquinaria.com\/wp-content\/uploads\/2025\/12\/MOPLUS-color.png?v=1766503610\",\"contentUrl\":\"https:\/\/moplusmaquinaria.com\/wp-content\/uploads\/2025\/12\/MOPLUS-color.png?v=1766503610\",\"width\":1921,\"height\":377,\"caption\":\"MOPLUS\"},\"image\":{\"@id\":\"https:\/\/moplusmaquinaria.com\/en\/#\/schema\/logo\/image\/\"}}]}<\/script>\n<!-- \/ Yoast SEO plugin. -->","yoast_head_json":{"title":"We are looking for - MOPLUS MACHINERY","robots":{"index":"index","follow":"follow","max-snippet":"max-snippet:-1","max-image-preview":"max-image-preview:large","max-video-preview":"max-video-preview:-1"},"canonical":"https:\/\/moplusmaquinaria.com\/en\/we-are-looking-for\/","og_locale":"en_US","og_type":"article","og_title":"We are looking for - MOPLUS MACHINERY","og_description":"WE ARE LOOKING FOR At MOPLUS, we stay up-to-date and are always attentive to the needs that may arise for our customers. Therefore, we continuously renew and seek new machinery to offer our clients. We are currently interested in: Excavators: CAT (from CAT320 to CAT345) and Komatsu (from PC210 to PC490), from 2006 onwards. Backhoe [&hellip;]","og_url":"https:\/\/moplusmaquinaria.com\/en\/we-are-looking-for\/","og_site_name":"MOPLUS MACHINERY","article_modified_time":"2026-03-24T17:10:26+00:00","og_image":[{"url":"https:\/\/moplusmaquinaria.com\/wp-content\/uploads\/2021\/02\/BUSCAMOS@2x.png?v=1766503885","type":"","width":"","height":""}],"twitter_card":"summary_large_image","twitter_misc":{"Est. reading time":"1 minute"},"schema":{"@context":"https:\/\/schema.org","@graph":[{"@type":"WebPage","@id":"https:\/\/moplusmaquinaria.com\/en\/we-are-looking-for\/","url":"https:\/\/moplusmaquinaria.com\/en\/we-are-looking-for\/","name":"We are looking for - MOPLUS MACHINERY","isPartOf":{"@id":"https:\/\/moplusmaquinaria.com\/en\/#website"},"primaryImageOfPage":{"@id":"https:\/\/moplusmaquinaria.com\/en\/we-are-looking-for\/#primaryimage"},"image":{"@id":"https:\/\/moplusmaquinaria.com\/en\/we-are-looking-for\/#primaryimage"},"thumbnailUrl":"https:\/\/moplusmaquinaria.com\/wp-content\/uploads\/2021\/02\/BUSCAMOS@2x.png?v=1766503885","datePublished":"2021-02-18T11:41:32+00:00","dateModified":"2026-03-24T17:10:26+00:00","breadcrumb":{"@id":"https:\/\/moplusmaquinaria.com\/en\/we-are-looking-for\/#breadcrumb"},"inLanguage":"en-US","potentialAction":[{"@type":"ReadAction","target":["https:\/\/moplusmaquinaria.com\/en\/we-are-looking-for\/"]}]},{"@type":"ImageObject","inLanguage":"en-US","@id":"https:\/\/moplusmaquinaria.com\/en\/we-are-looking-for\/#primaryimage","url":"https:\/\/moplusmaquinaria.com\/wp-content\/uploads\/2021\/02\/BUSCAMOS@2x.png?v=1766503885","contentUrl":"https:\/\/moplusmaquinaria.com\/wp-content\/uploads\/2021\/02\/BUSCAMOS@2x.png?v=1766503885"},{"@type":"BreadcrumbList","@id":"https:\/\/moplusmaquinaria.com\/en\/we-are-looking-for\/#breadcrumb","itemListElement":[{"@type":"ListItem","position":1,"name":"Home","item":"https:\/\/moplusmaquinaria.com\/en\/"},{"@type":"ListItem","position":2,"name":"We are looking for"}]},{"@type":"WebSite","@id":"https:\/\/moplusmaquinaria.com\/en\/#website","url":"https:\/\/moplusmaquinaria.com\/en\/","name":"MAQUINARIA OBRA PUBLICA USADA, S.A.","description":"Venta de maquinar\u00eda pesada y obra p\u00fablica, m\u00e1s de 40 a\u00f1os de experiencia nos avalan.","publisher":{"@id":"https:\/\/moplusmaquinaria.com\/en\/#organization"},"potentialAction":[{"@type":"SearchAction","target":{"@type":"EntryPoint","urlTemplate":"https:\/\/moplusmaquinaria.com\/en\/?s={search_term_string}"},"query-input":{"@type":"PropertyValueSpecification","valueRequired":true,"valueName":"search_term_string"}}],"inLanguage":"en-US"},{"@type":"Organization","@id":"https:\/\/moplusmaquinaria.com\/en\/#organization","name":"MOPLUS","url":"https:\/\/moplusmaquinaria.com\/en\/","logo":{"@type":"ImageObject","inLanguage":"en-US","@id":"https:\/\/moplusmaquinaria.com\/en\/#\/schema\/logo\/image\/","url":"https:\/\/moplusmaquinaria.com\/wp-content\/uploads\/2025\/12\/MOPLUS-color.png?v=1766503610","contentUrl":"https:\/\/moplusmaquinaria.com\/wp-content\/uploads\/2025\/12\/MOPLUS-color.png?v=1766503610","width":1921,"height":377,"caption":"MOPLUS"},"image":{"@id":"https:\/\/moplusmaquinaria.com\/en\/#\/schema\/logo\/image\/"}}]}},"_links":{"self":[{"href":"https:\/\/moplusmaquinaria.com\/en\/wp-json\/wp\/v2\/pages\/2390","targetHints":{"allow":["GET"]}}],"collection":[{"href":"https:\/\/moplusmaquinaria.com\/en\/wp-json\/wp\/v2\/pages"}],"about":[{"href":"https:\/\/moplusmaquinaria.com\/en\/wp-json\/wp\/v2\/types\/page"}],"author":[{"embeddable":true,"href":"https:\/\/moplusmaquinaria.com\/en\/wp-json\/wp\/v2\/users\/1"}],"replies":[{"embeddable":true,"href":"https:\/\/moplusmaquinaria.com\/en\/wp-json\/wp\/v2\/comments?post=2390"}],"version-history":[{"count":2,"href":"https:\/\/moplusmaquinaria.com\/en\/wp-json\/wp\/v2\/pages\/2390\/revisions"}],"predecessor-version":[{"id":3692,"href":"https:\/\/moplusmaquinaria.com\/en\/wp-json\/wp\/v2\/pages\/2390\/revisions\/3692"}],"wp:attachment":[{"href":"https:\/\/moplusmaquinaria.com\/en\/wp-json\/wp\/v2\/media?parent=2390"}],"curies":[{"name":"wp","href":"https:\/\/api.w.org\/{rel}","templated":true}]}}