{"id":2221,"date":"2021-02-18T11:49:01","date_gmt":"2021-02-18T10:49:01","guid":{"rendered":"https:\/\/moplusmaquinaria.com\/entreprise\/"},"modified":"2026-01-20T07:09:15","modified_gmt":"2026-01-20T06:09:15","slug":"entreprise","status":"publish","type":"page","link":"https:\/\/moplusmaquinaria.com\/fr\/entreprise\/","title":{"rendered":"Entreprise"},"content":{"rendered":"\t\t<div data-elementor-type=\"wp-page\" data-elementor-id=\"2221\" class=\"elementor elementor-2221 elementor-144\" data-elementor-post-type=\"page\">\n\t\t\t\t\t\t<section class=\"elementor-section elementor-top-section elementor-element elementor-element-a225b40 elementor-section-boxed elementor-section-height-default elementor-section-height-default\" data-id=\"a225b40\" data-element_type=\"section\" data-e-type=\"section\">\n\t\t\t\t\t\t<div class=\"elementor-container elementor-column-gap-default\">\n\t\t\t\t\t<div class=\"elementor-column elementor-col-100 elementor-top-column elementor-element elementor-element-663aa0a\" data-id=\"663aa0a\" data-element_type=\"column\" data-e-type=\"column\">\n\t\t\t<div class=\"elementor-widget-wrap elementor-element-populated\">\n\t\t\t\t\t\t<div class=\"elementor-element elementor-element-67a3e94 elementor-widget elementor-widget-heading\" data-id=\"67a3e94\" data-element_type=\"widget\" data-e-type=\"widget\" data-widget_type=\"heading.default\">\n\t\t\t\t<div class=\"elementor-widget-container\">\n\t\t\t\t\t<h1 class=\"elementor-heading-title elementor-size-default\">ENTREPRISE<\/h1>\t\t\t\t<\/div>\n\t\t\t\t<\/div>\n\t\t\t\t\t<\/div>\n\t\t<\/div>\n\t\t\t\t\t<\/div>\n\t\t<\/section>\n\t\t\t\t<section class=\"elementor-section elementor-top-section elementor-element elementor-element-7ce5c4f elementor-reverse-mobile elementor-section-boxed elementor-section-height-default elementor-section-height-default\" data-id=\"7ce5c4f\" data-element_type=\"section\" data-e-type=\"section\">\n\t\t\t\t\t\t<div class=\"elementor-container elementor-column-gap-default\">\n\t\t\t\t\t<div class=\"elementor-column elementor-col-50 elementor-top-column elementor-element elementor-element-7c810ac\" data-id=\"7c810ac\" data-element_type=\"column\" data-e-type=\"column\">\n\t\t\t<div class=\"elementor-widget-wrap elementor-element-populated\">\n\t\t\t\t\t\t<div class=\"elementor-element elementor-element-95f8f1d elementor-widget__width-inherit elementor-widget elementor-widget-image\" data-id=\"95f8f1d\" data-element_type=\"widget\" data-e-type=\"widget\" data-widget_type=\"image.default\">\n\t\t\t\t<div class=\"elementor-widget-container\">\n\t\t\t\t\t\t\t\t\t\t\t\t\t\t\t<img fetchpriority=\"high\" decoding=\"async\" width=\"1211\" height=\"983\" src=\"https:\/\/moplusmaquinaria.com\/wp-content\/uploads\/2021\/02\/empresa@2x.png\" class=\"attachment-full size-full wp-image-2222\" alt=\"entreprise@2x\" srcset=\"https:\/\/moplusmaquinaria.com\/wp-content\/uploads\/2021\/02\/empresa@2x.png 1211w, https:\/\/moplusmaquinaria.com\/wp-content\/uploads\/2021\/02\/empresa@2x-300x244.png 300w, https:\/\/moplusmaquinaria.com\/wp-content\/uploads\/2021\/02\/empresa@2x-1024x831.png 1024w, https:\/\/moplusmaquinaria.com\/wp-content\/uploads\/2021\/02\/empresa@2x-768x623.png 768w\" sizes=\"(max-width: 1211px) 100vw, 1211px\" \/>\t\t\t\t\t\t\t\t\t\t\t\t\t\t\t<\/div>\n\t\t\t\t<\/div>\n\t\t\t\t\t<\/div>\n\t\t<\/div>\n\t\t\t\t<div class=\"elementor-column elementor-col-50 elementor-top-column elementor-element elementor-element-27908e4\" data-id=\"27908e4\" data-element_type=\"column\" data-e-type=\"column\">\n\t\t\t<div class=\"elementor-widget-wrap elementor-element-populated\">\n\t\t\t\t\t\t<div class=\"elementor-element elementor-element-5975120 elementor-widget elementor-widget-text-editor\" data-id=\"5975120\" data-element_type=\"widget\" data-e-type=\"widget\" data-widget_type=\"text-editor.default\">\n\t\t\t\t<div class=\"elementor-widget-container\">\n\t\t\t\t\t\t\t\t\t<p><strong>MOPLUS<\/strong> est n\u00e9e en 2012 de l\u2019\u00e9volution naturelle d\u2019un groupe d\u2019entreprises ayant <strong>plus de 40 ans d\u2019exp\u00e9rience dans le conseil et la vente<\/strong> de machines lourdes et de travaux publics.<\/p><p>Les machines sont le moteur de notre activit\u00e9 depuis plus de quatre d\u00e9cennies, c\u2019est pourquoi nous sommes <strong>experts en conseil<\/strong> aupr\u00e8s de tous les utilisateurs d\u2019\u00e9quipements de terrassement.<\/p><p>Chez <strong>MOPLUS<\/strong>, nous ouvrons des voies, c\u2019est pourquoi nous sommes pr\u00eats \u00e0 vous permettre de mener \u00e0 bien vos activit\u00e9s avec <strong>les machines les plus adapt\u00e9es<\/strong> \u00e0 vos besoins.<\/p>\t\t\t\t\t\t\t\t<\/div>\n\t\t\t\t<\/div>\n\t\t\t\t<div class=\"elementor-element elementor-element-cdc9026 maxi elementor-widget elementor-widget-button\" data-id=\"cdc9026\" data-element_type=\"widget\" data-e-type=\"widget\" data-widget_type=\"button.default\">\n\t\t\t\t<div class=\"elementor-widget-container\">\n\t\t\t\t\t\t\t\t\t<div class=\"elementor-button-wrapper\">\n\t\t\t\t\t<a class=\"elementor-button elementor-button-link elementor-size-xl\" href=\"https:\/\/moplusmaquinaria.com\/fr\/liste-de-machines\/\">\n\t\t\t\t\t\t<span class=\"elementor-button-content-wrapper\">\n\t\t\t\t\t\t<span class=\"elementor-button-icon\">\n\t\t\t\t\t\t\t<\/span>\n\t\t\t\t\t\t\t\t\t<span class=\"elementor-button-text\">Consultez nos machines<\/span>\n\t\t\t\t\t<\/span>\n\t\t\t\t\t<\/a>\n\t\t\t\t<\/div>\n\t\t\t\t\t\t\t\t<\/div>\n\t\t\t\t<\/div>\n\t\t\t\t<div class=\"elementor-element elementor-element-60f2266 enlace elementor-widget elementor-widget-heading\" data-id=\"60f2266\" data-element_type=\"widget\" data-e-type=\"widget\" data-widget_type=\"heading.default\">\n\t\t\t\t<div class=\"elementor-widget-container\">\n\t\t\t\t\t<div class=\"elementor-heading-title elementor-size-default\">Si vous ne trouvez pas ce que vous cherchez, n\u2019h\u00e9sitez pas \u00e0 <a href=\"https:\/\/moplusmaquinaria.com\/contacto\/\" class=\"orange\">nous<\/a> contacter afin que nous puissions vous aider dans la recherche de vos machines.<\/div>\t\t\t\t<\/div>\n\t\t\t\t<\/div>\n\t\t\t\t\t<\/div>\n\t\t<\/div>\n\t\t\t\t\t<\/div>\n\t\t<\/section>\n\t\t\t\t<\/div>\n\t\t","protected":false},"excerpt":{"rendered":"<p>ENTREPRISE MOPLUS est n\u00e9e en 2012 de l\u2019\u00e9volution naturelle d\u2019un groupe d\u2019entreprises ayant plus de 40 ans d\u2019exp\u00e9rience dans le conseil et la vente de machines lourdes et de travaux publics. Les machines sont le moteur de notre activit\u00e9 depuis plus de quatre d\u00e9cennies, c\u2019est pourquoi nous sommes experts en conseil aupr\u00e8s de tous les [&hellip;]<\/p>\n","protected":false},"author":1,"featured_media":0,"parent":0,"menu_order":0,"comment_status":"closed","ping_status":"closed","template":"","meta":{"_acf_changed":false,"site-sidebar-layout":"no-sidebar","site-content-layout":"page-builder","ast-site-content-layout":"default","site-content-style":"default","site-sidebar-style":"default","ast-global-header-display":"","ast-banner-title-visibility":"","ast-main-header-display":"","ast-hfb-above-header-display":"","ast-hfb-below-header-display":"","ast-hfb-mobile-header-display":"","site-post-title":"disabled","ast-breadcrumbs-content":"","ast-featured-img":"disabled","footer-sml-layout":"","ast-disable-related-posts":"","theme-transparent-header-meta":"default","adv-header-id-meta":"","stick-header-meta":"default","header-above-stick-meta":"","header-main-stick-meta":"","header-below-stick-meta":"","astra-migrate-meta-layouts":"default","ast-page-background-enabled":"default","ast-page-background-meta":{"desktop":{"background-color":"var(--ast-global-color-4)","background-image":"","background-repeat":"repeat","background-position":"center center","background-size":"auto","background-attachment":"scroll","background-type":"","background-media":"","overlay-type":"","overlay-color":"","overlay-opacity":"","overlay-gradient":""},"tablet":{"background-color":"","background-image":"","background-repeat":"repeat","background-position":"center center","background-size":"auto","background-attachment":"scroll","background-type":"","background-media":"","overlay-type":"","overlay-color":"","overlay-opacity":"","overlay-gradient":""},"mobile":{"background-color":"","background-image":"","background-repeat":"repeat","background-position":"center center","background-size":"auto","background-attachment":"scroll","background-type":"","background-media":"","overlay-type":"","overlay-color":"","overlay-opacity":"","overlay-gradient":""}},"ast-content-background-meta":{"desktop":{"background-color":"var(--ast-global-color-5)","background-image":"","background-repeat":"repeat","background-position":"center center","background-size":"auto","background-attachment":"scroll","background-type":"","background-media":"","overlay-type":"","overlay-color":"","overlay-opacity":"","overlay-gradient":""},"tablet":{"background-color":"var(--ast-global-color-5)","background-image":"","background-repeat":"repeat","background-position":"center center","background-size":"auto","background-attachment":"scroll","background-type":"","background-media":"","overlay-type":"","overlay-color":"","overlay-opacity":"","overlay-gradient":""},"mobile":{"background-color":"var(--ast-global-color-5)","background-image":"","background-repeat":"repeat","background-position":"center center","background-size":"auto","background-attachment":"scroll","background-type":"","background-media":"","overlay-type":"","overlay-color":"","overlay-opacity":"","overlay-gradient":""}},"footnotes":""},"class_list":["post-2221","page","type-page","status-publish","hentry"],"acf":[],"yoast_head":"<!-- This site is optimized with the Yoast SEO plugin v27.2 - https:\/\/yoast.com\/product\/yoast-seo-wordpress\/ -->\n<title>Entreprise - MACHINES MOPLUS<\/title>\n<meta name=\"robots\" content=\"index, follow, max-snippet:-1, max-image-preview:large, max-video-preview:-1\" \/>\n<link rel=\"canonical\" href=\"https:\/\/moplusmaquinaria.com\/fr\/entreprise\/\" \/>\n<meta property=\"og:locale\" content=\"fr_FR\" \/>\n<meta property=\"og:type\" content=\"article\" \/>\n<meta property=\"og:title\" content=\"Entreprise - MACHINES MOPLUS\" \/>\n<meta property=\"og:description\" content=\"ENTREPRISE MOPLUS est n\u00e9e en 2012 de l\u2019\u00e9volution naturelle d\u2019un groupe d\u2019entreprises ayant plus de 40 ans d\u2019exp\u00e9rience dans le conseil et la vente de machines lourdes et de travaux publics. Les machines sont le moteur de notre activit\u00e9 depuis plus de quatre d\u00e9cennies, c\u2019est pourquoi nous sommes experts en conseil aupr\u00e8s de tous les [&hellip;]\" \/>\n<meta property=\"og:url\" content=\"https:\/\/moplusmaquinaria.com\/fr\/entreprise\/\" \/>\n<meta property=\"og:site_name\" content=\"MACHINES MOPLUS\" \/>\n<meta property=\"article:modified_time\" content=\"2026-01-20T06:09:15+00:00\" \/>\n<meta property=\"og:image\" content=\"https:\/\/moplusmaquinaria.com\/wp-content\/uploads\/2021\/02\/empresa@2x.png?v=1766503886\" \/>\n<meta name=\"twitter:card\" content=\"summary_large_image\" \/>\n<meta name=\"twitter:label1\" content=\"Dur\u00e9e de lecture estim\u00e9e\" \/>\n\t<meta name=\"twitter:data1\" content=\"1 minute\" \/>\n<script type=\"application\/ld+json\" class=\"yoast-schema-graph\">{\"@context\":\"https:\/\/schema.org\",\"@graph\":[{\"@type\":\"WebPage\",\"@id\":\"https:\/\/moplusmaquinaria.com\/fr\/entreprise\/\",\"url\":\"https:\/\/moplusmaquinaria.com\/fr\/entreprise\/\",\"name\":\"Entreprise - MACHINES MOPLUS\",\"isPartOf\":{\"@id\":\"https:\/\/moplusmaquinaria.com\/fr\/#website\"},\"primaryImageOfPage\":{\"@id\":\"https:\/\/moplusmaquinaria.com\/fr\/entreprise\/#primaryimage\"},\"image\":{\"@id\":\"https:\/\/moplusmaquinaria.com\/fr\/entreprise\/#primaryimage\"},\"thumbnailUrl\":\"https:\/\/moplusmaquinaria.com\/wp-content\/uploads\/2021\/02\/empresa@2x.png?v=1766503886\",\"datePublished\":\"2021-02-18T10:49:01+00:00\",\"dateModified\":\"2026-01-20T06:09:15+00:00\",\"breadcrumb\":{\"@id\":\"https:\/\/moplusmaquinaria.com\/fr\/entreprise\/#breadcrumb\"},\"inLanguage\":\"fr-FR\",\"potentialAction\":[{\"@type\":\"ReadAction\",\"target\":[\"https:\/\/moplusmaquinaria.com\/fr\/entreprise\/\"]}]},{\"@type\":\"ImageObject\",\"inLanguage\":\"fr-FR\",\"@id\":\"https:\/\/moplusmaquinaria.com\/fr\/entreprise\/#primaryimage\",\"url\":\"https:\/\/moplusmaquinaria.com\/wp-content\/uploads\/2021\/02\/empresa@2x.png?v=1766503886\",\"contentUrl\":\"https:\/\/moplusmaquinaria.com\/wp-content\/uploads\/2021\/02\/empresa@2x.png?v=1766503886\"},{\"@type\":\"BreadcrumbList\",\"@id\":\"https:\/\/moplusmaquinaria.com\/fr\/entreprise\/#breadcrumb\",\"itemListElement\":[{\"@type\":\"ListItem\",\"position\":1,\"name\":\"Accueil\",\"item\":\"https:\/\/moplusmaquinaria.com\/fr\/\"},{\"@type\":\"ListItem\",\"position\":2,\"name\":\"Entreprise\"}]},{\"@type\":\"WebSite\",\"@id\":\"https:\/\/moplusmaquinaria.com\/fr\/#website\",\"url\":\"https:\/\/moplusmaquinaria.com\/fr\/\",\"name\":\"MAQUINARIA OBRA PUBLICA USADA, S.A.\",\"description\":\"Venta de maquinar\u00eda pesada y obra p\u00fablica, m\u00e1s de 40 a\u00f1os de experiencia nos avalan.\",\"publisher\":{\"@id\":\"https:\/\/moplusmaquinaria.com\/fr\/#organization\"},\"potentialAction\":[{\"@type\":\"SearchAction\",\"target\":{\"@type\":\"EntryPoint\",\"urlTemplate\":\"https:\/\/moplusmaquinaria.com\/fr\/?s={search_term_string}\"},\"query-input\":{\"@type\":\"PropertyValueSpecification\",\"valueRequired\":true,\"valueName\":\"search_term_string\"}}],\"inLanguage\":\"fr-FR\"},{\"@type\":\"Organization\",\"@id\":\"https:\/\/moplusmaquinaria.com\/fr\/#organization\",\"name\":\"MOPLUS\",\"url\":\"https:\/\/moplusmaquinaria.com\/fr\/\",\"logo\":{\"@type\":\"ImageObject\",\"inLanguage\":\"fr-FR\",\"@id\":\"https:\/\/moplusmaquinaria.com\/fr\/#\/schema\/logo\/image\/\",\"url\":\"https:\/\/moplusmaquinaria.com\/wp-content\/uploads\/2025\/12\/MOPLUS-color.png?v=1766503610\",\"contentUrl\":\"https:\/\/moplusmaquinaria.com\/wp-content\/uploads\/2025\/12\/MOPLUS-color.png?v=1766503610\",\"width\":1921,\"height\":377,\"caption\":\"MOPLUS\"},\"image\":{\"@id\":\"https:\/\/moplusmaquinaria.com\/fr\/#\/schema\/logo\/image\/\"}}]}<\/script>\n<!-- \/ Yoast SEO plugin. -->","yoast_head_json":{"title":"Entreprise - MACHINES MOPLUS","robots":{"index":"index","follow":"follow","max-snippet":"max-snippet:-1","max-image-preview":"max-image-preview:large","max-video-preview":"max-video-preview:-1"},"canonical":"https:\/\/moplusmaquinaria.com\/fr\/entreprise\/","og_locale":"fr_FR","og_type":"article","og_title":"Entreprise - MACHINES MOPLUS","og_description":"ENTREPRISE MOPLUS est n\u00e9e en 2012 de l\u2019\u00e9volution naturelle d\u2019un groupe d\u2019entreprises ayant plus de 40 ans d\u2019exp\u00e9rience dans le conseil et la vente de machines lourdes et de travaux publics. Les machines sont le moteur de notre activit\u00e9 depuis plus de quatre d\u00e9cennies, c\u2019est pourquoi nous sommes experts en conseil aupr\u00e8s de tous les [&hellip;]","og_url":"https:\/\/moplusmaquinaria.com\/fr\/entreprise\/","og_site_name":"MACHINES MOPLUS","article_modified_time":"2026-01-20T06:09:15+00:00","og_image":[{"url":"https:\/\/moplusmaquinaria.com\/wp-content\/uploads\/2021\/02\/empresa@2x.png?v=1766503886","type":"","width":"","height":""}],"twitter_card":"summary_large_image","twitter_misc":{"Dur\u00e9e de lecture estim\u00e9e":"1 minute"},"schema":{"@context":"https:\/\/schema.org","@graph":[{"@type":"WebPage","@id":"https:\/\/moplusmaquinaria.com\/fr\/entreprise\/","url":"https:\/\/moplusmaquinaria.com\/fr\/entreprise\/","name":"Entreprise - MACHINES MOPLUS","isPartOf":{"@id":"https:\/\/moplusmaquinaria.com\/fr\/#website"},"primaryImageOfPage":{"@id":"https:\/\/moplusmaquinaria.com\/fr\/entreprise\/#primaryimage"},"image":{"@id":"https:\/\/moplusmaquinaria.com\/fr\/entreprise\/#primaryimage"},"thumbnailUrl":"https:\/\/moplusmaquinaria.com\/wp-content\/uploads\/2021\/02\/empresa@2x.png?v=1766503886","datePublished":"2021-02-18T10:49:01+00:00","dateModified":"2026-01-20T06:09:15+00:00","breadcrumb":{"@id":"https:\/\/moplusmaquinaria.com\/fr\/entreprise\/#breadcrumb"},"inLanguage":"fr-FR","potentialAction":[{"@type":"ReadAction","target":["https:\/\/moplusmaquinaria.com\/fr\/entreprise\/"]}]},{"@type":"ImageObject","inLanguage":"fr-FR","@id":"https:\/\/moplusmaquinaria.com\/fr\/entreprise\/#primaryimage","url":"https:\/\/moplusmaquinaria.com\/wp-content\/uploads\/2021\/02\/empresa@2x.png?v=1766503886","contentUrl":"https:\/\/moplusmaquinaria.com\/wp-content\/uploads\/2021\/02\/empresa@2x.png?v=1766503886"},{"@type":"BreadcrumbList","@id":"https:\/\/moplusmaquinaria.com\/fr\/entreprise\/#breadcrumb","itemListElement":[{"@type":"ListItem","position":1,"name":"Accueil","item":"https:\/\/moplusmaquinaria.com\/fr\/"},{"@type":"ListItem","position":2,"name":"Entreprise"}]},{"@type":"WebSite","@id":"https:\/\/moplusmaquinaria.com\/fr\/#website","url":"https:\/\/moplusmaquinaria.com\/fr\/","name":"MAQUINARIA OBRA PUBLICA USADA, S.A.","description":"Venta de maquinar\u00eda pesada y obra p\u00fablica, m\u00e1s de 40 a\u00f1os de experiencia nos avalan.","publisher":{"@id":"https:\/\/moplusmaquinaria.com\/fr\/#organization"},"potentialAction":[{"@type":"SearchAction","target":{"@type":"EntryPoint","urlTemplate":"https:\/\/moplusmaquinaria.com\/fr\/?s={search_term_string}"},"query-input":{"@type":"PropertyValueSpecification","valueRequired":true,"valueName":"search_term_string"}}],"inLanguage":"fr-FR"},{"@type":"Organization","@id":"https:\/\/moplusmaquinaria.com\/fr\/#organization","name":"MOPLUS","url":"https:\/\/moplusmaquinaria.com\/fr\/","logo":{"@type":"ImageObject","inLanguage":"fr-FR","@id":"https:\/\/moplusmaquinaria.com\/fr\/#\/schema\/logo\/image\/","url":"https:\/\/moplusmaquinaria.com\/wp-content\/uploads\/2025\/12\/MOPLUS-color.png?v=1766503610","contentUrl":"https:\/\/moplusmaquinaria.com\/wp-content\/uploads\/2025\/12\/MOPLUS-color.png?v=1766503610","width":1921,"height":377,"caption":"MOPLUS"},"image":{"@id":"https:\/\/moplusmaquinaria.com\/fr\/#\/schema\/logo\/image\/"}}]}},"_links":{"self":[{"href":"https:\/\/moplusmaquinaria.com\/fr\/wp-json\/wp\/v2\/pages\/2221","targetHints":{"allow":["GET"]}}],"collection":[{"href":"https:\/\/moplusmaquinaria.com\/fr\/wp-json\/wp\/v2\/pages"}],"about":[{"href":"https:\/\/moplusmaquinaria.com\/fr\/wp-json\/wp\/v2\/types\/page"}],"author":[{"embeddable":true,"href":"https:\/\/moplusmaquinaria.com\/fr\/wp-json\/wp\/v2\/users\/1"}],"replies":[{"embeddable":true,"href":"https:\/\/moplusmaquinaria.com\/fr\/wp-json\/wp\/v2\/comments?post=2221"}],"version-history":[{"count":2,"href":"https:\/\/moplusmaquinaria.com\/fr\/wp-json\/wp\/v2\/pages\/2221\/revisions"}],"predecessor-version":[{"id":2224,"href":"https:\/\/moplusmaquinaria.com\/fr\/wp-json\/wp\/v2\/pages\/2221\/revisions\/2224"}],"wp:attachment":[{"href":"https:\/\/moplusmaquinaria.com\/fr\/wp-json\/wp\/v2\/media?parent=2221"}],"curies":[{"name":"wp","href":"https:\/\/api.w.org\/{rel}","templated":true}]}}