{"id":2225,"date":"2021-02-17T09:55:06","date_gmt":"2021-02-17T08:55:06","guid":{"rendered":"https:\/\/moplusmaquinaria.com\/politique-de-confidentialite\/"},"modified":"2026-01-20T07:09:16","modified_gmt":"2026-01-20T06:09:16","slug":"politique-de-confidentialite","status":"publish","type":"page","link":"https:\/\/moplusmaquinaria.com\/fr\/politique-de-confidentialite\/","title":{"rendered":"Politique de confidentialit\u00e9"},"content":{"rendered":"<p>MAQUINARIA OBRA PUBLICA USADA, S.A., conform\u00e9ment aux dispositions du R\u00e8glement g\u00e9n\u00e9ral sur la protection des donn\u00e9es (RGPD 2016\/679), informe les utilisateurs du site web https:\/\/moplusmaquinaria.com\/ :<\/p>\n<p><strong>Qui est responsable du traitement de vos donn\u00e9es ?<\/strong><\/p>\n<p>Les donn\u00e9es que l&rsquo;utilisateur nous fournit via les formulaires de ce site web seront int\u00e9gr\u00e9es dans des traitements dont le responsable est MAQUINARIA OBRA PUBLICA USADA, S.A. avec CIF A22946891 et domicile aux fins de notification \u00e0 Av. Nuestra Se\u00f1ora Del Pilar, n\u00ba 31, 22500 de Bin\u00e9far (Huesca). <\/p>\n<p>Vous pouvez nous contacter en appelant le 974428759 ou par e-mail \u00e0 info@moplusmaquinaria.com.<\/p>\n<p><strong>Dans quel but recueillons-nous vos donn\u00e9es et quelle est la base juridique pour traiter vos donn\u00e9es ?<\/strong><\/p>\n<h4>DONN\u00c9ES PERSONNELLES DES CLIENTS<\/h4>\n<table>\n<tbody>\n<tr>\n<td>\n<p>FINALIT\u00c9<\/p>\n<\/td>\n<td>\n<p>BASE JURIDIQUE<\/p>\n<\/td>\n<\/tr>\n<tr>\n<td><\/p>\n<p>\u00c9tablir un budget pour les services demand\u00e9s<\/p>\n<\/td>\n<td><\/p>\n<p>C&rsquo;est l&rsquo;ex\u00e9cution de mesures pr\u00e9contractuelles \u00e0 la demande de l&rsquo;int\u00e9ress\u00e9 (budgets)<\/p>\n<\/td>\n<\/tr>\n<tr>\n<td>\n<p>Fourniture des services demand\u00e9s<\/p>\n<\/td>\n<td>\n<p>C&rsquo;est l&rsquo;ex\u00e9cution d&rsquo;un contrat<\/p>\n<\/td>\n<\/tr>\n<tr>\n<td>\n<p>Gestion interne client-entreprise<\/p>\n<\/td>\n<td>\n<p>C&rsquo;est l&rsquo;obligation l\u00e9gale de MAQUINARIA OBRA PUBLICA USADA, S.A. de remplir ses obligations fiscales et tributaires<\/p>\n<\/td>\n<\/tr>\n<tr>\n<td>\n<p>Gestion administrative de notre entreprise<\/p>\n<\/td>\n<td>\n<p>C&rsquo;est l&rsquo;ex\u00e9cution d&rsquo;un contrat<\/p>\n<\/td>\n<\/tr>\n<tr>\n<td>\n<p>Facturation des services demand\u00e9s, le cas \u00e9ch\u00e9ant<\/p>\n<\/td>\n<td>\n<p>C&rsquo;est l&rsquo;obligation l\u00e9gale de MAQUINARIA OBRA PUBLICA USADA, S.A. de remplir ses obligations fiscales et tributaires<\/p>\n<\/td>\n<\/tr>\n<\/tbody>\n<\/table>\n<h4>DONN\u00c9ES PERSONNELLES DES FOURNISSEURS<\/h4>\n<table>\n<tbody>\n<tr>\n<td>\n<p>FINALIT\u00c9<\/p>\n<\/td>\n<td>\n<p>BASE JURIDIQUE<\/p>\n<\/td>\n<\/tr>\n<tr>\n<td><\/p>\n<p>Gestion du service fourni et\/ou de l&rsquo;approvisionnement en produits<\/p>\n<\/td>\n<td><\/p>\n<p>C&rsquo;est l&rsquo;ex\u00e9cution d&rsquo;un contrat<\/p>\n<\/td>\n<\/tr>\n<tr>\n<td>\n<p>Gestion interne fournisseur-entreprise<\/p>\n<\/td>\n<td>\n<p>C&rsquo;est l&rsquo;obligation l\u00e9gale de MAQUINARIA OBRA PUBLICA USADA, S.A. de remplir ses obligations fiscales et tributaires<\/p>\n<\/td>\n<\/tr>\n<tr>\n<td>\n<p>Gestion administrative de notre entreprise<\/p>\n<\/td>\n<td>\n<p>C&rsquo;est l&rsquo;ex\u00e9cution d&rsquo;un contrat<\/p>\n<\/td>\n<\/tr>\n<tr>\n<td>\n<p>Paiement des services fournis, le cas \u00e9ch\u00e9ant<\/p>\n<\/td>\n<td>\n<p>C&rsquo;est l&rsquo;obligation l\u00e9gale de MAQUINARIA OBRA PUBLICA USADA, S.A. de remplir ses obligations fiscales et tributaires<\/p>\n<\/td>\n<\/tr>\n<tr>\n<td> <\/td>\n<td> <\/td>\n<\/tr>\n<\/tbody>\n<\/table>\n<h4>DONN\u00c9ES PERSONNELLES DES CANDIDATS<\/h4>\n<table>\n<tbody>\n<tr>\n<td>\n<p>FINALIT\u00c9<\/p>\n<\/td>\n<td>\n<p>BASE JURIDIQUE<\/p>\n<\/td>\n<\/tr>\n<tr>\n<td><\/p>\n<p>Que le candidat puisse faire partie des processus de s\u00e9lection r\u00e9alis\u00e9s par MAQUINARIA OBRA PUBLICA USADA, S.A.<\/p>\n<\/td>\n<td><\/p>\n<p>C&rsquo;est le consentement du candidat<\/p>\n<\/td>\n<\/tr>\n<\/tbody>\n<\/table>\n<h4>DONN\u00c9ES PERSONNELLES RECUEILLIES SUR NOTRE PAGE WEB<\/h4>\n<p>De plus, des donn\u00e9es \u00e0 caract\u00e8re personnel sont recueillies sur cette page web via diff\u00e9rents formulaires. Les donn\u00e9es demand\u00e9es dans chaque formulaire sont celles n\u00e9cessaires \u00e0 la finalit\u00e9 pour laquelle elles sont recueillies. Les finalit\u00e9s du traitement sont les suivantes :   <\/p>\n<p>FORMULAIRE DE CONTACT<\/p>\n<table>\n<tbody>\n<tr>\n<td>\n<p>FINALIT\u00c9<\/p>\n<\/td>\n<td>\n<p>BASE JURIDIQUE<\/p>\n<\/td>\n<\/tr>\n<tr>\n<td><\/p>\n<p>Pouvoir r\u00e9pondre aux questions pos\u00e9es et envoyer \u00e0 l&rsquo;utilisateur les informations demand\u00e9es via l&rsquo;e-mail ou le t\u00e9l\u00e9phone indiqu\u00e9s dans le formulaire<\/p>\n<\/td>\n<td><\/p>\n<p>C&rsquo;est le consentement de l&rsquo;utilisateur<\/p>\n<\/td>\n<\/tr>\n<\/tbody>\n<\/table>\n<p>COURRIER \u00c9LECTRONIQUE <\/p>\n<table>\n<tbody>\n<tr>\n<td>\n<p>FINALIT\u00c9<\/p>\n<\/td>\n<td>\n<p>BASE JURIDIQUE<\/p>\n<\/td>\n<\/tr>\n<tr>\n<td><\/p>\n<p>Si l&rsquo;utilisateur prend contact via l&rsquo;e-mail publi\u00e9 sur cette page web, ses donn\u00e9es seront trait\u00e9es pour r\u00e9pondre aux questions pos\u00e9es et pouvoir lui envoyer les informations demand\u00e9es via l&rsquo;e-mail par lequel la question est re\u00e7ue<\/p>\n<\/td>\n<td><\/p>\n<p>C&rsquo;est l&rsquo;int\u00e9r\u00eat l\u00e9gitime de notre entreprise de r\u00e9pondre aux communications re\u00e7ues<\/p>\n<\/td>\n<\/tr>\n<\/tbody>\n<\/table>\n<p><strong>Quelle cat\u00e9gorie de donn\u00e9es traitons-nous ?<\/strong><\/p>\n<p>Les donn\u00e9es qui sont collect\u00e9es, de mani\u00e8re \u00e9nonciative et non limitative, se r\u00e9f\u00e8rent \u00e0 la cat\u00e9gorie des donn\u00e9es d&rsquo;identification, comme peuvent l&rsquo;\u00eatre : Nom et pr\u00e9nom, T\u00e9l\u00e9phone, Adresse postale, Entreprise, Courrier \u00e9lectronique ; donn\u00e9es \u00e9conomiques et financi\u00e8res, comme peuvent l&rsquo;\u00eatre : Donn\u00e9es bancaires.<\/p>\n<p><strong>Combien de temps conservons-nous vos donn\u00e9es ?<\/strong><\/p>\n<h4>DONN\u00c9ES PERSONNELLES DES CLIENTS ET DES FOURNISSEURS<\/h4>\n<p>Les donn\u00e9es personnelles fournies seront conserv\u00e9es tant que la relation commerciale est maintenue ou que l&rsquo;utilisateur demande leur suppression. Une fois la relation commerciale termin\u00e9e, les donn\u00e9es seront conserv\u00e9es aussi longtemps que n\u00e9cessaire pour se conformer aux obligations l\u00e9gales. Une fois les responsabilit\u00e9s d\u00e9coulant de ces obligations l\u00e9gales prescrites, vos donn\u00e9es seront supprim\u00e9es.   <\/p>\n<h4>DONN\u00c9ES PERSONNELLES DES CANDIDATS<\/h4>\n<p>Les donn\u00e9es fournies par le candidat seront conserv\u00e9es pendant 1 an.<\/p>\n<h4>DONN\u00c9ES PERSONNELLES DES FORMULAIRES DE LA PAGE WEB<\/h4>\n<p>Les donn\u00e9es recueillies via les formulaires de notre page web seront conserv\u00e9es tant que l&rsquo;utilisateur ne demande pas leur suppression.<\/p>\n<p><strong>R\u00e9alisons-nous des profils avec vos donn\u00e9es ?<\/strong><\/p>\n<p>Avec les informations fournies par les candidats via leur CV, MAQUINARIA OBRA PUBLICA USADA, S.A. pourra r\u00e9aliser des profils afin de pouvoir s\u00e9lectionner le meilleur candidat pour un poste de travail d\u00e9termin\u00e9.<\/p>\n<p><strong>\u00c0 qui c\u00e9dons-nous vos donn\u00e9es ?<\/strong><\/p>\n<p>Aucune cession de donn\u00e9es ni transfert international de vos donn\u00e9es n&rsquo;est pr\u00e9vue, \u00e0 l&rsquo;exception de celles autoris\u00e9es par la l\u00e9gislation fiscale, commerciale et des t\u00e9l\u00e9communications, ainsi que dans les cas o\u00f9 une autorit\u00e9 judiciaire nous le demande.<\/p>\n<p>MAQUINARIA OBRA PUBLICA USADA, S.A. peut partager des donn\u00e9es personnelles avec des entreprises externes qui fournissent des services \u00e0 MAQUINARIA OBRA PUBLICA USADA, S.A. Un contrat de confidentialit\u00e9 est formalis\u00e9 avec toutes ces entreprises pour garantir l&rsquo;utilisation des donn\u00e9es personnelles conform\u00e9ment aux exigences de la r\u00e9glementation en vigueur en mati\u00e8re de protection des donn\u00e9es. <\/p>\n<p><strong>Quels tiers fournissent des services sur ce site web ?<\/strong><\/p>\n<p>Les fournisseurs de services suivants sont utilis\u00e9s pour le d\u00e9veloppement de cette page web :<\/p>\n<p>H\u00e9bergement : Les serveurs o\u00f9 est h\u00e9berg\u00e9e notre page web sont situ\u00e9s dans l&rsquo;UE. Il utilise des protocoles s\u00e9curis\u00e9s, de sorte que la communication des donn\u00e9es se fait via un canal chiffr\u00e9. <\/p>\n<p><strong>Quels sont vos droits et comment les exercer ?<\/strong><\/p>\n<p>L&rsquo;utilisateur a le droit d&rsquo;acc\u00e9der \u00e0 ses donn\u00e9es personnelles, de demander la rectification de celles qui sont inexactes, ainsi que leur suppression lorsque, entre autres motifs, elles ne sont plus n\u00e9cessaires aux fins pour lesquelles elles ont \u00e9t\u00e9 collect\u00e9es. Dans certaines circonstances, il pourra \u00e9galement demander la limitation de leur traitement, auquel cas elles ne seront conserv\u00e9es que pour l&rsquo;exercice ou la d\u00e9fense de r\u00e9clamations, ainsi que demander la portabilit\u00e9 de ses donn\u00e9es. Pour des motifs li\u00e9s \u00e0 sa situation particuli\u00e8re, il pourra s&rsquo;opposer au traitement de celles-ci et MAQUINARIA OBRA PUBLICA USADA, S.A. cessera de les traiter, sauf pour des motifs l\u00e9gitimes imp\u00e9rieux, ou l&rsquo;exercice ou la d\u00e9fense de possibles r\u00e9clamations.   <\/p>\n<p>Le demandeur pourra r\u00e9voquer les consentements donn\u00e9s \u00e0 tout moment. Le demandeur pourra exercer ses droits via l&rsquo;e-mail info@moplusmaquinaria.com ou dans les bureaux situ\u00e9s \u00e0 Av. Nuestra Se\u00f1ora Del Pilar, n\u00ba 31, 22500 de Bin\u00e9far (Huesca), en joignant une photocopie de la pi\u00e8ce d&rsquo;identit\u00e9 et en indiquant le droit qu&rsquo;il exerce. Vous pourrez \u00e9galement pr\u00e9senter une r\u00e9clamation aupr\u00e8s de l&rsquo;Agence espagnole de protection des donn\u00e9es.   <\/p>\n<p><strong>Quelles mesures de s\u00e9curit\u00e9 avons-nous mises en place ?<\/strong><\/p>\n<p>Dans le cadre de notre engagement \u00e0 garantir la s\u00e9curit\u00e9 et la confidentialit\u00e9 de vos donn\u00e9es \u00e0 caract\u00e8re personnel, nous vous informons que les mesures d&rsquo;ordre technique et organisationnel n\u00e9cessaires ont \u00e9t\u00e9 adopt\u00e9es pour garantir la s\u00e9curit\u00e9 des donn\u00e9es \u00e0 caract\u00e8re personnel et \u00e9viter leur alt\u00e9ration, perte, traitement ou acc\u00e8s non autoris\u00e9, compte tenu de l&rsquo;\u00e9tat de la technologie, de la nature des donn\u00e9es stock\u00e9es et des risques auxquels elles sont expos\u00e9es, conform\u00e9ment \u00e0 l&rsquo;art. 32 du RGPD EU 679\/2016.<\/p>\n<p><strong>Comment fonctionnent nos r\u00e9seaux sociaux ?<\/strong><\/p>\n<p>Via nos r\u00e9seaux sociaux, vous pouvez partager nos contenus ou nous laisser vos commentaires, photos ou vid\u00e9os, \u00e0 condition qu&rsquo;ils soient d&rsquo;int\u00e9r\u00eat pour toute la communaut\u00e9.<\/p>\n<p>Nos r\u00e9seaux sociaux sont constamment supervis\u00e9s afin de r\u00e9pondre \u00e0 vos questions et commentaires dans les plus brefs d\u00e9lais.<\/p>\n<p>Nous voulons que ce soit un espace dont nous profitions tous, il est donc important que nous respections tous des r\u00e8gles de convivialit\u00e9 :<\/p>\n<ol>\n<li>Vous \u00eates responsable des contenus que vous publiez, ne tombez pas dans la violation de tout droit, loi ou r\u00e8glement.<\/li>\n<li>Soignez la r\u00e9daction et le ton, \u00e9vitez de publier toute information abusive, diffamatoire ou obsc\u00e8ne.<\/li>\n<li>Respectez le droit \u00e0 la vie priv\u00e9e, ne faites pas de commentaires illicites, offensants ou discriminatoires sur des tiers.<\/li>\n<li>\u00c9vitez les commentaires frauduleux, trompeurs ou qui peuvent induire en erreur.<\/li>\n<li>Nous n&rsquo;autorisons pas le spam, ni les messages commerciaux ou publicitaires, nous ne voulons pas de messages r\u00e9p\u00e9titifs.<\/li>\n<li>Nous ne maintiendrons pas de conversations avec des profils que nous pouvons consid\u00e9rer comme faux.<\/li>\n<\/ol>\n<p>Veuillez noter que le contenu publi\u00e9 par les abonn\u00e9s sur nos pages ne refl\u00e8te pas n\u00e9cessairement le point de vue de notre entreprise.<\/p>\n<p>Si vos commentaires ne respectent pas les \u00ab R\u00e8gles de la maison \u00bb, ils pourront \u00eatre supprim\u00e9s, masqu\u00e9s ou bloqu\u00e9s. Quiconque publie des contenus non autoris\u00e9s sera bloqu\u00e9 de la communaut\u00e9. <\/p>\n<p>Nous nous r\u00e9servons le droit de modifier ces r\u00e8gles \u00e0 tout moment et sans pr\u00e9avis.<\/p>\n","protected":false},"excerpt":{"rendered":"<p>MAQUINARIA OBRA PUBLICA USADA, S.A., conform\u00e9ment aux dispositions du R\u00e8glement g\u00e9n\u00e9ral sur la protection des donn\u00e9es (RGPD 2016\/679), informe les utilisateurs du site web https:\/\/moplusmaquinaria.com\/ : Qui est responsable du traitement de vos donn\u00e9es ? Les donn\u00e9es que l&rsquo;utilisateur nous fournit via les formulaires de ce site web seront int\u00e9gr\u00e9es dans des traitements dont le [&hellip;]<\/p>\n","protected":false},"author":1,"featured_media":0,"parent":0,"menu_order":0,"comment_status":"closed","ping_status":"closed","template":"","meta":{"_acf_changed":false,"site-sidebar-layout":"default","site-content-layout":"default","ast-site-content-layout":"default","site-content-style":"default","site-sidebar-style":"default","ast-global-header-display":"","ast-banner-title-visibility":"","ast-main-header-display":"","ast-hfb-above-header-display":"","ast-hfb-below-header-display":"","ast-hfb-mobile-header-display":"","site-post-title":"","ast-breadcrumbs-content":"","ast-featured-img":"","footer-sml-layout":"","ast-disable-related-posts":"","theme-transparent-header-meta":"default","adv-header-id-meta":"","stick-header-meta":"default","header-above-stick-meta":"","header-main-stick-meta":"","header-below-stick-meta":"","astra-migrate-meta-layouts":"default","ast-page-background-enabled":"default","ast-page-background-meta":{"desktop":{"background-color":"var(--ast-global-color-4)","background-image":"","background-repeat":"repeat","background-position":"center center","background-size":"auto","background-attachment":"scroll","background-type":"","background-media":"","overlay-type":"","overlay-color":"","overlay-opacity":"","overlay-gradient":""},"tablet":{"background-color":"","background-image":"","background-repeat":"repeat","background-position":"center center","background-size":"auto","background-attachment":"scroll","background-type":"","background-media":"","overlay-type":"","overlay-color":"","overlay-opacity":"","overlay-gradient":""},"mobile":{"background-color":"","background-image":"","background-repeat":"repeat","background-position":"center center","background-size":"auto","background-attachment":"scroll","background-type":"","background-media":"","overlay-type":"","overlay-color":"","overlay-opacity":"","overlay-gradient":""}},"ast-content-background-meta":{"desktop":{"background-color":"var(--ast-global-color-5)","background-image":"","background-repeat":"repeat","background-position":"center center","background-size":"auto","background-attachment":"scroll","background-type":"","background-media":"","overlay-type":"","overlay-color":"","overlay-opacity":"","overlay-gradient":""},"tablet":{"background-color":"var(--ast-global-color-5)","background-image":"","background-repeat":"repeat","background-position":"center center","background-size":"auto","background-attachment":"scroll","background-type":"","background-media":"","overlay-type":"","overlay-color":"","overlay-opacity":"","overlay-gradient":""},"mobile":{"background-color":"var(--ast-global-color-5)","background-image":"","background-repeat":"repeat","background-position":"center center","background-size":"auto","background-attachment":"scroll","background-type":"","background-media":"","overlay-type":"","overlay-color":"","overlay-opacity":"","overlay-gradient":""}},"footnotes":""},"class_list":["post-2225","page","type-page","status-publish","hentry"],"acf":[],"yoast_head":"<!-- This site is optimized with the Yoast SEO plugin v27.2 - https:\/\/yoast.com\/product\/yoast-seo-wordpress\/ -->\n<title>Politique de confidentialit\u00e9 - MACHINES MOPLUS<\/title>\n<meta name=\"robots\" content=\"noindex, follow\" \/>\n<meta property=\"og:locale\" content=\"fr_FR\" \/>\n<meta property=\"og:type\" content=\"article\" \/>\n<meta property=\"og:title\" content=\"Politique de confidentialit\u00e9 - MACHINES MOPLUS\" \/>\n<meta property=\"og:description\" content=\"MAQUINARIA OBRA PUBLICA USADA, S.A., conform\u00e9ment aux dispositions du R\u00e8glement g\u00e9n\u00e9ral sur la protection des donn\u00e9es (RGPD 2016\/679), informe les utilisateurs du site web https:\/\/moplusmaquinaria.com\/ : Qui est responsable du traitement de vos donn\u00e9es ? Les donn\u00e9es que l&rsquo;utilisateur nous fournit via les formulaires de ce site web seront int\u00e9gr\u00e9es dans des traitements dont le [&hellip;]\" \/>\n<meta property=\"og:url\" content=\"https:\/\/moplusmaquinaria.com\/fr\/politique-de-confidentialite\/\" \/>\n<meta property=\"og:site_name\" content=\"MACHINES MOPLUS\" \/>\n<meta property=\"article:modified_time\" content=\"2026-01-20T06:09:16+00:00\" \/>\n<meta name=\"twitter:card\" content=\"summary_large_image\" \/>\n<meta name=\"twitter:label1\" content=\"Dur\u00e9e de lecture estim\u00e9e\" \/>\n\t<meta name=\"twitter:data1\" content=\"7 minutes\" \/>\n<script type=\"application\/ld+json\" class=\"yoast-schema-graph\">{\"@context\":\"https:\/\/schema.org\",\"@graph\":[{\"@type\":\"WebPage\",\"@id\":\"https:\/\/moplusmaquinaria.com\/fr\/politique-de-confidentialite\/\",\"url\":\"https:\/\/moplusmaquinaria.com\/fr\/politique-de-confidentialite\/\",\"name\":\"Politique de confidentialit\u00e9 - MACHINES MOPLUS\",\"isPartOf\":{\"@id\":\"https:\/\/moplusmaquinaria.com\/fr\/#website\"},\"datePublished\":\"2021-02-17T08:55:06+00:00\",\"dateModified\":\"2026-01-20T06:09:16+00:00\",\"breadcrumb\":{\"@id\":\"https:\/\/moplusmaquinaria.com\/fr\/politique-de-confidentialite\/#breadcrumb\"},\"inLanguage\":\"fr-FR\",\"potentialAction\":[{\"@type\":\"ReadAction\",\"target\":[\"https:\/\/moplusmaquinaria.com\/fr\/politique-de-confidentialite\/\"]}]},{\"@type\":\"BreadcrumbList\",\"@id\":\"https:\/\/moplusmaquinaria.com\/fr\/politique-de-confidentialite\/#breadcrumb\",\"itemListElement\":[{\"@type\":\"ListItem\",\"position\":1,\"name\":\"Accueil\",\"item\":\"https:\/\/moplusmaquinaria.com\/fr\/\"},{\"@type\":\"ListItem\",\"position\":2,\"name\":\"Politique de confidentialit\u00e9\"}]},{\"@type\":\"WebSite\",\"@id\":\"https:\/\/moplusmaquinaria.com\/fr\/#website\",\"url\":\"https:\/\/moplusmaquinaria.com\/fr\/\",\"name\":\"MAQUINARIA OBRA PUBLICA USADA, S.A.\",\"description\":\"Venta de maquinar\u00eda pesada y obra p\u00fablica, m\u00e1s de 40 a\u00f1os de experiencia nos avalan.\",\"publisher\":{\"@id\":\"https:\/\/moplusmaquinaria.com\/fr\/#organization\"},\"potentialAction\":[{\"@type\":\"SearchAction\",\"target\":{\"@type\":\"EntryPoint\",\"urlTemplate\":\"https:\/\/moplusmaquinaria.com\/fr\/?s={search_term_string}\"},\"query-input\":{\"@type\":\"PropertyValueSpecification\",\"valueRequired\":true,\"valueName\":\"search_term_string\"}}],\"inLanguage\":\"fr-FR\"},{\"@type\":\"Organization\",\"@id\":\"https:\/\/moplusmaquinaria.com\/fr\/#organization\",\"name\":\"MOPLUS\",\"url\":\"https:\/\/moplusmaquinaria.com\/fr\/\",\"logo\":{\"@type\":\"ImageObject\",\"inLanguage\":\"fr-FR\",\"@id\":\"https:\/\/moplusmaquinaria.com\/fr\/#\/schema\/logo\/image\/\",\"url\":\"https:\/\/moplusmaquinaria.com\/wp-content\/uploads\/2025\/12\/MOPLUS-color.png?v=1766503610\",\"contentUrl\":\"https:\/\/moplusmaquinaria.com\/wp-content\/uploads\/2025\/12\/MOPLUS-color.png?v=1766503610\",\"width\":1921,\"height\":377,\"caption\":\"MOPLUS\"},\"image\":{\"@id\":\"https:\/\/moplusmaquinaria.com\/fr\/#\/schema\/logo\/image\/\"}}]}<\/script>\n<!-- \/ Yoast SEO plugin. -->","yoast_head_json":{"title":"Politique de confidentialit\u00e9 - MACHINES MOPLUS","robots":{"index":"noindex","follow":"follow"},"og_locale":"fr_FR","og_type":"article","og_title":"Politique de confidentialit\u00e9 - MACHINES MOPLUS","og_description":"MAQUINARIA OBRA PUBLICA USADA, S.A., conform\u00e9ment aux dispositions du R\u00e8glement g\u00e9n\u00e9ral sur la protection des donn\u00e9es (RGPD 2016\/679), informe les utilisateurs du site web https:\/\/moplusmaquinaria.com\/ : Qui est responsable du traitement de vos donn\u00e9es ? Les donn\u00e9es que l&rsquo;utilisateur nous fournit via les formulaires de ce site web seront int\u00e9gr\u00e9es dans des traitements dont le [&hellip;]","og_url":"https:\/\/moplusmaquinaria.com\/fr\/politique-de-confidentialite\/","og_site_name":"MACHINES MOPLUS","article_modified_time":"2026-01-20T06:09:16+00:00","twitter_card":"summary_large_image","twitter_misc":{"Dur\u00e9e de lecture estim\u00e9e":"7 minutes"},"schema":{"@context":"https:\/\/schema.org","@graph":[{"@type":"WebPage","@id":"https:\/\/moplusmaquinaria.com\/fr\/politique-de-confidentialite\/","url":"https:\/\/moplusmaquinaria.com\/fr\/politique-de-confidentialite\/","name":"Politique de confidentialit\u00e9 - MACHINES MOPLUS","isPartOf":{"@id":"https:\/\/moplusmaquinaria.com\/fr\/#website"},"datePublished":"2021-02-17T08:55:06+00:00","dateModified":"2026-01-20T06:09:16+00:00","breadcrumb":{"@id":"https:\/\/moplusmaquinaria.com\/fr\/politique-de-confidentialite\/#breadcrumb"},"inLanguage":"fr-FR","potentialAction":[{"@type":"ReadAction","target":["https:\/\/moplusmaquinaria.com\/fr\/politique-de-confidentialite\/"]}]},{"@type":"BreadcrumbList","@id":"https:\/\/moplusmaquinaria.com\/fr\/politique-de-confidentialite\/#breadcrumb","itemListElement":[{"@type":"ListItem","position":1,"name":"Accueil","item":"https:\/\/moplusmaquinaria.com\/fr\/"},{"@type":"ListItem","position":2,"name":"Politique de confidentialit\u00e9"}]},{"@type":"WebSite","@id":"https:\/\/moplusmaquinaria.com\/fr\/#website","url":"https:\/\/moplusmaquinaria.com\/fr\/","name":"MAQUINARIA OBRA PUBLICA USADA, S.A.","description":"Venta de maquinar\u00eda pesada y obra p\u00fablica, m\u00e1s de 40 a\u00f1os de experiencia nos avalan.","publisher":{"@id":"https:\/\/moplusmaquinaria.com\/fr\/#organization"},"potentialAction":[{"@type":"SearchAction","target":{"@type":"EntryPoint","urlTemplate":"https:\/\/moplusmaquinaria.com\/fr\/?s={search_term_string}"},"query-input":{"@type":"PropertyValueSpecification","valueRequired":true,"valueName":"search_term_string"}}],"inLanguage":"fr-FR"},{"@type":"Organization","@id":"https:\/\/moplusmaquinaria.com\/fr\/#organization","name":"MOPLUS","url":"https:\/\/moplusmaquinaria.com\/fr\/","logo":{"@type":"ImageObject","inLanguage":"fr-FR","@id":"https:\/\/moplusmaquinaria.com\/fr\/#\/schema\/logo\/image\/","url":"https:\/\/moplusmaquinaria.com\/wp-content\/uploads\/2025\/12\/MOPLUS-color.png?v=1766503610","contentUrl":"https:\/\/moplusmaquinaria.com\/wp-content\/uploads\/2025\/12\/MOPLUS-color.png?v=1766503610","width":1921,"height":377,"caption":"MOPLUS"},"image":{"@id":"https:\/\/moplusmaquinaria.com\/fr\/#\/schema\/logo\/image\/"}}]}},"_links":{"self":[{"href":"https:\/\/moplusmaquinaria.com\/fr\/wp-json\/wp\/v2\/pages\/2225","targetHints":{"allow":["GET"]}}],"collection":[{"href":"https:\/\/moplusmaquinaria.com\/fr\/wp-json\/wp\/v2\/pages"}],"about":[{"href":"https:\/\/moplusmaquinaria.com\/fr\/wp-json\/wp\/v2\/types\/page"}],"author":[{"embeddable":true,"href":"https:\/\/moplusmaquinaria.com\/fr\/wp-json\/wp\/v2\/users\/1"}],"replies":[{"embeddable":true,"href":"https:\/\/moplusmaquinaria.com\/fr\/wp-json\/wp\/v2\/comments?post=2225"}],"version-history":[{"count":1,"href":"https:\/\/moplusmaquinaria.com\/fr\/wp-json\/wp\/v2\/pages\/2225\/revisions"}],"predecessor-version":[{"id":2226,"href":"https:\/\/moplusmaquinaria.com\/fr\/wp-json\/wp\/v2\/pages\/2225\/revisions\/2226"}],"wp:attachment":[{"href":"https:\/\/moplusmaquinaria.com\/fr\/wp-json\/wp\/v2\/media?parent=2225"}],"curies":[{"name":"wp","href":"https:\/\/api.w.org\/{rel}","templated":true}]}}