{"id":2237,"date":"2021-02-18T12:31:09","date_gmt":"2021-02-18T11:31:09","guid":{"rendered":"https:\/\/moplusmaquinaria.com\/pourquoi-moplus\/"},"modified":"2026-01-20T07:09:30","modified_gmt":"2026-01-20T06:09:30","slug":"pourquoi-moplus","status":"publish","type":"page","link":"https:\/\/moplusmaquinaria.com\/fr\/pourquoi-moplus\/","title":{"rendered":"Pourquoi MOPLUS"},"content":{"rendered":"\t\t<div data-elementor-type=\"wp-page\" data-elementor-id=\"2237\" class=\"elementor elementor-2237 elementor-178\" data-elementor-post-type=\"page\">\n\t\t\t\t\t\t<section class=\"elementor-section elementor-top-section elementor-element elementor-element-a225b40 elementor-section-boxed elementor-section-height-default elementor-section-height-default\" data-id=\"a225b40\" data-element_type=\"section\" data-e-type=\"section\">\n\t\t\t\t\t\t<div class=\"elementor-container elementor-column-gap-default\">\n\t\t\t\t\t<div class=\"elementor-column elementor-col-100 elementor-top-column elementor-element elementor-element-663aa0a\" data-id=\"663aa0a\" data-element_type=\"column\" data-e-type=\"column\">\n\t\t\t<div class=\"elementor-widget-wrap elementor-element-populated\">\n\t\t\t\t\t\t<div class=\"elementor-element elementor-element-67a3e94 elementor-widget elementor-widget-heading\" data-id=\"67a3e94\" data-element_type=\"widget\" data-e-type=\"widget\" data-widget_type=\"heading.default\">\n\t\t\t\t<div class=\"elementor-widget-container\">\n\t\t\t\t\t<h1 class=\"elementor-heading-title elementor-size-default\">POURQUOI <span class=\"orange\">MOPLUS<\/span><\/h1>\t\t\t\t<\/div>\n\t\t\t\t<\/div>\n\t\t\t\t\t<\/div>\n\t\t<\/div>\n\t\t\t\t\t<\/div>\n\t\t<\/section>\n\t\t\t\t<section class=\"elementor-section elementor-top-section elementor-element elementor-element-7ce5c4f elementor-section-boxed elementor-section-height-default elementor-section-height-default\" data-id=\"7ce5c4f\" data-element_type=\"section\" data-e-type=\"section\">\n\t\t\t\t\t\t<div class=\"elementor-container elementor-column-gap-default\">\n\t\t\t\t\t<div class=\"elementor-column elementor-col-50 elementor-top-column elementor-element elementor-element-27908e4\" data-id=\"27908e4\" data-element_type=\"column\" data-e-type=\"column\">\n\t\t\t<div class=\"elementor-widget-wrap elementor-element-populated\">\n\t\t\t\t\t\t<div class=\"elementor-element elementor-element-5975120 elementor-widget elementor-widget-text-editor\" data-id=\"5975120\" data-element_type=\"widget\" data-e-type=\"widget\" data-widget_type=\"text-editor.default\">\n\t\t\t\t<div class=\"elementor-widget-container\">\n\t\t\t\t\t\t\t\t\t<p>Nous avons plus de <strong>40 ans d&rsquo;exp\u00e9rience<\/strong> dans le domaine des engins de chantier et des travaux publics. Une exp\u00e9rience qui nous soutient et fait de nous des <strong>experts dans le secteur<\/strong>. <\/p><p>Notre exp\u00e9rience de plus de <strong>25 ans en tant qu&rsquo;utilisateurs directs de machines<\/strong> sur diff\u00e9rents chantiers, notre connaissance du march\u00e9 et le stock dont nous disposons font de nous votre <strong>meilleur conseiller<\/strong> au moment de trouver la machine parfaite pour vos besoins.<\/p><p>Les machines dont nous disposons franchissent les fronti\u00e8res : nous avons un <strong>stock large et vari\u00e9<\/strong> d&rsquo;\u00e9quipements des plus grandes marques reconnues sur le march\u00e9 international, avec un entretien r\u00e9alis\u00e9 de mani\u00e8re rigoureuse et professionnelle.<\/p>\t\t\t\t\t\t\t\t<\/div>\n\t\t\t\t<\/div>\n\t\t\t\t<div class=\"elementor-element elementor-element-cdc9026 maxi elementor-widget elementor-widget-button\" data-id=\"cdc9026\" data-element_type=\"widget\" data-e-type=\"widget\" data-widget_type=\"button.default\">\n\t\t\t\t<div class=\"elementor-widget-container\">\n\t\t\t\t\t\t\t\t\t<div class=\"elementor-button-wrapper\">\n\t\t\t\t\t<a class=\"elementor-button elementor-button-link elementor-size-xl\" href=\"https:\/\/moplusmaquinaria.com\/fr\/liste-de-machines\/\">\n\t\t\t\t\t\t<span class=\"elementor-button-content-wrapper\">\n\t\t\t\t\t\t<span class=\"elementor-button-icon\">\n\t\t\t\t\t\t\t<\/span>\n\t\t\t\t\t\t\t\t\t<span class=\"elementor-button-text\">Consultez nos machines<\/span>\n\t\t\t\t\t<\/span>\n\t\t\t\t\t<\/a>\n\t\t\t\t<\/div>\n\t\t\t\t\t\t\t\t<\/div>\n\t\t\t\t<\/div>\n\t\t\t\t\t<\/div>\n\t\t<\/div>\n\t\t\t\t<div class=\"elementor-column elementor-col-50 elementor-top-column elementor-element elementor-element-7c810ac\" data-id=\"7c810ac\" data-element_type=\"column\" data-e-type=\"column\">\n\t\t\t<div class=\"elementor-widget-wrap elementor-element-populated\">\n\t\t\t\t\t\t<div class=\"elementor-element elementor-element-95f8f1d elementor-widget__width-inherit elementor-widget elementor-widget-image\" data-id=\"95f8f1d\" data-element_type=\"widget\" data-e-type=\"widget\" data-widget_type=\"image.default\">\n\t\t\t\t<div class=\"elementor-widget-container\">\n\t\t\t\t\t\t\t\t\t\t\t\t\t\t\t<img fetchpriority=\"high\" decoding=\"async\" width=\"1051\" height=\"934\" src=\"https:\/\/moplusmaquinaria.com\/wp-content\/uploads\/2021\/05\/porque@2x-80.jpg\" class=\"attachment-full size-full wp-image-2238\" alt=\"porque\" srcset=\"https:\/\/moplusmaquinaria.com\/wp-content\/uploads\/2021\/05\/porque@2x-80.jpg 1051w, https:\/\/moplusmaquinaria.com\/wp-content\/uploads\/2021\/05\/porque@2x-80-300x267.jpg 300w, https:\/\/moplusmaquinaria.com\/wp-content\/uploads\/2021\/05\/porque@2x-80-1024x910.jpg 1024w, https:\/\/moplusmaquinaria.com\/wp-content\/uploads\/2021\/05\/porque@2x-80-768x683.jpg 768w\" sizes=\"(max-width: 1051px) 100vw, 1051px\" \/>\t\t\t\t\t\t\t\t\t\t\t\t\t\t\t<\/div>\n\t\t\t\t<\/div>\n\t\t\t\t\t<\/div>\n\t\t<\/div>\n\t\t\t\t\t<\/div>\n\t\t<\/section>\n\t\t\t\t<\/div>\n\t\t","protected":false},"excerpt":{"rendered":"<p>POURQUOI MOPLUS Nous avons plus de 40 ans d&rsquo;exp\u00e9rience dans le domaine des engins de chantier et des travaux publics. Une exp\u00e9rience qui nous soutient et fait de nous des experts dans le secteur. Notre exp\u00e9rience de plus de 25 ans en tant qu&rsquo;utilisateurs directs de machines sur diff\u00e9rents chantiers, notre connaissance du march\u00e9 et [&hellip;]<\/p>\n","protected":false},"author":1,"featured_media":0,"parent":0,"menu_order":0,"comment_status":"closed","ping_status":"closed","template":"","meta":{"_acf_changed":false,"site-sidebar-layout":"no-sidebar","site-content-layout":"page-builder","ast-site-content-layout":"default","site-content-style":"default","site-sidebar-style":"default","ast-global-header-display":"","ast-banner-title-visibility":"","ast-main-header-display":"","ast-hfb-above-header-display":"","ast-hfb-below-header-display":"","ast-hfb-mobile-header-display":"","site-post-title":"disabled","ast-breadcrumbs-content":"","ast-featured-img":"disabled","footer-sml-layout":"","ast-disable-related-posts":"","theme-transparent-header-meta":"default","adv-header-id-meta":"","stick-header-meta":"default","header-above-stick-meta":"","header-main-stick-meta":"","header-below-stick-meta":"","astra-migrate-meta-layouts":"default","ast-page-background-enabled":"default","ast-page-background-meta":{"desktop":{"background-color":"var(--ast-global-color-4)","background-image":"","background-repeat":"repeat","background-position":"center center","background-size":"auto","background-attachment":"scroll","background-type":"","background-media":"","overlay-type":"","overlay-color":"","overlay-opacity":"","overlay-gradient":""},"tablet":{"background-color":"","background-image":"","background-repeat":"repeat","background-position":"center center","background-size":"auto","background-attachment":"scroll","background-type":"","background-media":"","overlay-type":"","overlay-color":"","overlay-opacity":"","overlay-gradient":""},"mobile":{"background-color":"","background-image":"","background-repeat":"repeat","background-position":"center center","background-size":"auto","background-attachment":"scroll","background-type":"","background-media":"","overlay-type":"","overlay-color":"","overlay-opacity":"","overlay-gradient":""}},"ast-content-background-meta":{"desktop":{"background-color":"var(--ast-global-color-5)","background-image":"","background-repeat":"repeat","background-position":"center center","background-size":"auto","background-attachment":"scroll","background-type":"","background-media":"","overlay-type":"","overlay-color":"","overlay-opacity":"","overlay-gradient":""},"tablet":{"background-color":"var(--ast-global-color-5)","background-image":"","background-repeat":"repeat","background-position":"center center","background-size":"auto","background-attachment":"scroll","background-type":"","background-media":"","overlay-type":"","overlay-color":"","overlay-opacity":"","overlay-gradient":""},"mobile":{"background-color":"var(--ast-global-color-5)","background-image":"","background-repeat":"repeat","background-position":"center center","background-size":"auto","background-attachment":"scroll","background-type":"","background-media":"","overlay-type":"","overlay-color":"","overlay-opacity":"","overlay-gradient":""}},"footnotes":""},"class_list":["post-2237","page","type-page","status-publish","hentry"],"acf":[],"yoast_head":"<!-- This site is optimized with the Yoast SEO plugin v27.2 - https:\/\/yoast.com\/product\/yoast-seo-wordpress\/ -->\n<title>Pourquoi MOPLUS - MACHINES MOPLUS<\/title>\n<meta name=\"robots\" content=\"index, follow, max-snippet:-1, max-image-preview:large, max-video-preview:-1\" \/>\n<link rel=\"canonical\" href=\"https:\/\/moplusmaquinaria.com\/fr\/pourquoi-moplus\/\" \/>\n<meta property=\"og:locale\" content=\"fr_FR\" \/>\n<meta property=\"og:type\" content=\"article\" \/>\n<meta property=\"og:title\" content=\"Pourquoi MOPLUS - MACHINES MOPLUS\" \/>\n<meta property=\"og:description\" content=\"POURQUOI MOPLUS Nous avons plus de 40 ans d&rsquo;exp\u00e9rience dans le domaine des engins de chantier et des travaux publics. Une exp\u00e9rience qui nous soutient et fait de nous des experts dans le secteur. Notre exp\u00e9rience de plus de 25 ans en tant qu&rsquo;utilisateurs directs de machines sur diff\u00e9rents chantiers, notre connaissance du march\u00e9 et [&hellip;]\" \/>\n<meta property=\"og:url\" content=\"https:\/\/moplusmaquinaria.com\/fr\/pourquoi-moplus\/\" \/>\n<meta property=\"og:site_name\" content=\"MACHINES MOPLUS\" \/>\n<meta property=\"article:modified_time\" content=\"2026-01-20T06:09:30+00:00\" \/>\n<meta property=\"og:image\" content=\"https:\/\/moplusmaquinaria.com\/wp-content\/uploads\/2021\/05\/porque@2x-80.jpg?v=1766503871\" \/>\n<meta name=\"twitter:card\" content=\"summary_large_image\" \/>\n<meta name=\"twitter:label1\" content=\"Dur\u00e9e de lecture estim\u00e9e\" \/>\n\t<meta name=\"twitter:data1\" content=\"1 minute\" \/>\n<script type=\"application\/ld+json\" class=\"yoast-schema-graph\">{\"@context\":\"https:\/\/schema.org\",\"@graph\":[{\"@type\":\"WebPage\",\"@id\":\"https:\/\/moplusmaquinaria.com\/fr\/pourquoi-moplus\/\",\"url\":\"https:\/\/moplusmaquinaria.com\/fr\/pourquoi-moplus\/\",\"name\":\"Pourquoi MOPLUS - MACHINES MOPLUS\",\"isPartOf\":{\"@id\":\"https:\/\/moplusmaquinaria.com\/fr\/#website\"},\"primaryImageOfPage\":{\"@id\":\"https:\/\/moplusmaquinaria.com\/fr\/pourquoi-moplus\/#primaryimage\"},\"image\":{\"@id\":\"https:\/\/moplusmaquinaria.com\/fr\/pourquoi-moplus\/#primaryimage\"},\"thumbnailUrl\":\"https:\/\/moplusmaquinaria.com\/wp-content\/uploads\/2021\/05\/porque@2x-80.jpg?v=1766503871\",\"datePublished\":\"2021-02-18T11:31:09+00:00\",\"dateModified\":\"2026-01-20T06:09:30+00:00\",\"breadcrumb\":{\"@id\":\"https:\/\/moplusmaquinaria.com\/fr\/pourquoi-moplus\/#breadcrumb\"},\"inLanguage\":\"fr-FR\",\"potentialAction\":[{\"@type\":\"ReadAction\",\"target\":[\"https:\/\/moplusmaquinaria.com\/fr\/pourquoi-moplus\/\"]}]},{\"@type\":\"ImageObject\",\"inLanguage\":\"fr-FR\",\"@id\":\"https:\/\/moplusmaquinaria.com\/fr\/pourquoi-moplus\/#primaryimage\",\"url\":\"https:\/\/moplusmaquinaria.com\/wp-content\/uploads\/2021\/05\/porque@2x-80.jpg?v=1766503871\",\"contentUrl\":\"https:\/\/moplusmaquinaria.com\/wp-content\/uploads\/2021\/05\/porque@2x-80.jpg?v=1766503871\"},{\"@type\":\"BreadcrumbList\",\"@id\":\"https:\/\/moplusmaquinaria.com\/fr\/pourquoi-moplus\/#breadcrumb\",\"itemListElement\":[{\"@type\":\"ListItem\",\"position\":1,\"name\":\"Accueil\",\"item\":\"https:\/\/moplusmaquinaria.com\/fr\/\"},{\"@type\":\"ListItem\",\"position\":2,\"name\":\"Pourquoi MOPLUS\"}]},{\"@type\":\"WebSite\",\"@id\":\"https:\/\/moplusmaquinaria.com\/fr\/#website\",\"url\":\"https:\/\/moplusmaquinaria.com\/fr\/\",\"name\":\"MAQUINARIA OBRA PUBLICA USADA, S.A.\",\"description\":\"Venta de maquinar\u00eda pesada y obra p\u00fablica, m\u00e1s de 40 a\u00f1os de experiencia nos avalan.\",\"publisher\":{\"@id\":\"https:\/\/moplusmaquinaria.com\/fr\/#organization\"},\"potentialAction\":[{\"@type\":\"SearchAction\",\"target\":{\"@type\":\"EntryPoint\",\"urlTemplate\":\"https:\/\/moplusmaquinaria.com\/fr\/?s={search_term_string}\"},\"query-input\":{\"@type\":\"PropertyValueSpecification\",\"valueRequired\":true,\"valueName\":\"search_term_string\"}}],\"inLanguage\":\"fr-FR\"},{\"@type\":\"Organization\",\"@id\":\"https:\/\/moplusmaquinaria.com\/fr\/#organization\",\"name\":\"MOPLUS\",\"url\":\"https:\/\/moplusmaquinaria.com\/fr\/\",\"logo\":{\"@type\":\"ImageObject\",\"inLanguage\":\"fr-FR\",\"@id\":\"https:\/\/moplusmaquinaria.com\/fr\/#\/schema\/logo\/image\/\",\"url\":\"https:\/\/moplusmaquinaria.com\/wp-content\/uploads\/2025\/12\/MOPLUS-color.png?v=1766503610\",\"contentUrl\":\"https:\/\/moplusmaquinaria.com\/wp-content\/uploads\/2025\/12\/MOPLUS-color.png?v=1766503610\",\"width\":1921,\"height\":377,\"caption\":\"MOPLUS\"},\"image\":{\"@id\":\"https:\/\/moplusmaquinaria.com\/fr\/#\/schema\/logo\/image\/\"}}]}<\/script>\n<!-- \/ Yoast SEO plugin. -->","yoast_head_json":{"title":"Pourquoi MOPLUS - MACHINES MOPLUS","robots":{"index":"index","follow":"follow","max-snippet":"max-snippet:-1","max-image-preview":"max-image-preview:large","max-video-preview":"max-video-preview:-1"},"canonical":"https:\/\/moplusmaquinaria.com\/fr\/pourquoi-moplus\/","og_locale":"fr_FR","og_type":"article","og_title":"Pourquoi MOPLUS - MACHINES MOPLUS","og_description":"POURQUOI MOPLUS Nous avons plus de 40 ans d&rsquo;exp\u00e9rience dans le domaine des engins de chantier et des travaux publics. Une exp\u00e9rience qui nous soutient et fait de nous des experts dans le secteur. Notre exp\u00e9rience de plus de 25 ans en tant qu&rsquo;utilisateurs directs de machines sur diff\u00e9rents chantiers, notre connaissance du march\u00e9 et [&hellip;]","og_url":"https:\/\/moplusmaquinaria.com\/fr\/pourquoi-moplus\/","og_site_name":"MACHINES MOPLUS","article_modified_time":"2026-01-20T06:09:30+00:00","og_image":[{"url":"https:\/\/moplusmaquinaria.com\/wp-content\/uploads\/2021\/05\/porque@2x-80.jpg?v=1766503871","type":"","width":"","height":""}],"twitter_card":"summary_large_image","twitter_misc":{"Dur\u00e9e de lecture estim\u00e9e":"1 minute"},"schema":{"@context":"https:\/\/schema.org","@graph":[{"@type":"WebPage","@id":"https:\/\/moplusmaquinaria.com\/fr\/pourquoi-moplus\/","url":"https:\/\/moplusmaquinaria.com\/fr\/pourquoi-moplus\/","name":"Pourquoi MOPLUS - MACHINES MOPLUS","isPartOf":{"@id":"https:\/\/moplusmaquinaria.com\/fr\/#website"},"primaryImageOfPage":{"@id":"https:\/\/moplusmaquinaria.com\/fr\/pourquoi-moplus\/#primaryimage"},"image":{"@id":"https:\/\/moplusmaquinaria.com\/fr\/pourquoi-moplus\/#primaryimage"},"thumbnailUrl":"https:\/\/moplusmaquinaria.com\/wp-content\/uploads\/2021\/05\/porque@2x-80.jpg?v=1766503871","datePublished":"2021-02-18T11:31:09+00:00","dateModified":"2026-01-20T06:09:30+00:00","breadcrumb":{"@id":"https:\/\/moplusmaquinaria.com\/fr\/pourquoi-moplus\/#breadcrumb"},"inLanguage":"fr-FR","potentialAction":[{"@type":"ReadAction","target":["https:\/\/moplusmaquinaria.com\/fr\/pourquoi-moplus\/"]}]},{"@type":"ImageObject","inLanguage":"fr-FR","@id":"https:\/\/moplusmaquinaria.com\/fr\/pourquoi-moplus\/#primaryimage","url":"https:\/\/moplusmaquinaria.com\/wp-content\/uploads\/2021\/05\/porque@2x-80.jpg?v=1766503871","contentUrl":"https:\/\/moplusmaquinaria.com\/wp-content\/uploads\/2021\/05\/porque@2x-80.jpg?v=1766503871"},{"@type":"BreadcrumbList","@id":"https:\/\/moplusmaquinaria.com\/fr\/pourquoi-moplus\/#breadcrumb","itemListElement":[{"@type":"ListItem","position":1,"name":"Accueil","item":"https:\/\/moplusmaquinaria.com\/fr\/"},{"@type":"ListItem","position":2,"name":"Pourquoi MOPLUS"}]},{"@type":"WebSite","@id":"https:\/\/moplusmaquinaria.com\/fr\/#website","url":"https:\/\/moplusmaquinaria.com\/fr\/","name":"MAQUINARIA OBRA PUBLICA USADA, S.A.","description":"Venta de maquinar\u00eda pesada y obra p\u00fablica, m\u00e1s de 40 a\u00f1os de experiencia nos avalan.","publisher":{"@id":"https:\/\/moplusmaquinaria.com\/fr\/#organization"},"potentialAction":[{"@type":"SearchAction","target":{"@type":"EntryPoint","urlTemplate":"https:\/\/moplusmaquinaria.com\/fr\/?s={search_term_string}"},"query-input":{"@type":"PropertyValueSpecification","valueRequired":true,"valueName":"search_term_string"}}],"inLanguage":"fr-FR"},{"@type":"Organization","@id":"https:\/\/moplusmaquinaria.com\/fr\/#organization","name":"MOPLUS","url":"https:\/\/moplusmaquinaria.com\/fr\/","logo":{"@type":"ImageObject","inLanguage":"fr-FR","@id":"https:\/\/moplusmaquinaria.com\/fr\/#\/schema\/logo\/image\/","url":"https:\/\/moplusmaquinaria.com\/wp-content\/uploads\/2025\/12\/MOPLUS-color.png?v=1766503610","contentUrl":"https:\/\/moplusmaquinaria.com\/wp-content\/uploads\/2025\/12\/MOPLUS-color.png?v=1766503610","width":1921,"height":377,"caption":"MOPLUS"},"image":{"@id":"https:\/\/moplusmaquinaria.com\/fr\/#\/schema\/logo\/image\/"}}]}},"_links":{"self":[{"href":"https:\/\/moplusmaquinaria.com\/fr\/wp-json\/wp\/v2\/pages\/2237","targetHints":{"allow":["GET"]}}],"collection":[{"href":"https:\/\/moplusmaquinaria.com\/fr\/wp-json\/wp\/v2\/pages"}],"about":[{"href":"https:\/\/moplusmaquinaria.com\/fr\/wp-json\/wp\/v2\/types\/page"}],"author":[{"embeddable":true,"href":"https:\/\/moplusmaquinaria.com\/fr\/wp-json\/wp\/v2\/users\/1"}],"replies":[{"embeddable":true,"href":"https:\/\/moplusmaquinaria.com\/fr\/wp-json\/wp\/v2\/comments?post=2237"}],"version-history":[{"count":2,"href":"https:\/\/moplusmaquinaria.com\/fr\/wp-json\/wp\/v2\/pages\/2237\/revisions"}],"predecessor-version":[{"id":2241,"href":"https:\/\/moplusmaquinaria.com\/fr\/wp-json\/wp\/v2\/pages\/2237\/revisions\/2241"}],"wp:attachment":[{"href":"https:\/\/moplusmaquinaria.com\/fr\/wp-json\/wp\/v2\/media?parent=2237"}],"curies":[{"name":"wp","href":"https:\/\/api.w.org\/{rel}","templated":true}]}}