{"id":2257,"date":"2021-02-22T08:37:14","date_gmt":"2021-02-22T07:37:14","guid":{"rendered":"https:\/\/moplusmaquinaria.com\/mentions-legales\/"},"modified":"2026-01-20T07:09:53","modified_gmt":"2026-01-20T06:09:53","slug":"mentions-legales","status":"publish","type":"page","link":"https:\/\/moplusmaquinaria.com\/fr\/mentions-legales\/","title":{"rendered":"Mentions l\u00e9gales"},"content":{"rendered":"<p>Conform\u00e9ment \u00e0 l&rsquo;art. 10 de la loi 34\/2002, du 11 juillet, sur les services de la soci\u00e9t\u00e9 de l&rsquo;information et du commerce \u00e9lectronique (LSSI+CE), nous vous informons :<\/p>\n<p>Le titulaire de la page https:\/\/moplusmaquinaria.com\/ est :<\/p>\n<p>D\u00e9nomination sociale : MAQUINARIA OBRA PUBLICA USADA, S.A.<br \/>\nCIF : A22946891<br \/>\nDomicile : Av. Nuestra Se\u00f1ora Del Pilar, n\u00ba 31, 22500 de Bin\u00e9far (Huesca)<br \/>\nT\u00e9l\u00e9phone : 974428759<br \/>\nEmail : info@moplusmaquinaria.com <\/p>\n<p>Donn\u00e9es d&rsquo;enregistrement : Inscrite au registre du commerce de Huesca, tome 570, livre 0, folio 211, feuille HU-11268, inscription 1\u00e8re<\/p>\n<p>Les pr\u00e9sentes mentions l\u00e9gales sont r\u00e9dig\u00e9es en langue espagnole.<\/p>\n<p><strong>Vos donn\u00e9es<\/strong><\/p>\n<p>Les informations ou donn\u00e9es personnelles que l&rsquo;utilisateur fournit seront trait\u00e9es conform\u00e9ment aux dispositions des politiques de protection des donn\u00e9es. L&rsquo;utilisateur d\u00e9clare que toutes les informations ou donn\u00e9es fournies sont v\u00e9ridiques et correspondent \u00e0 la r\u00e9alit\u00e9. <\/p>\n<p><strong>Confidentialit\u00e9\/Protection des donn\u00e9es personnelles<\/strong><\/p>\n<p>MAQUINARIA OBRA PUBLICA USADA, S.A. respecte les directives du r\u00e8glement g\u00e9n\u00e9ral sur la protection des donn\u00e9es (r\u00e8glement (UE) 2016\/679) et les autres r\u00e9glementations en vigueur \u00e0 tout moment, et veille \u00e0 garantir une utilisation et un traitement corrects des donn\u00e9es personnelles de l&rsquo;utilisateur.<\/p>\n<p>\u00c0 cette fin, avec chaque formulaire de collecte de donn\u00e9es \u00e0 caract\u00e8re personnel, l&rsquo;utilisateur sera inform\u00e9 de l&rsquo;existence et de l&rsquo;acceptation des conditions particuli\u00e8res du traitement de ses donn\u00e9es dans chaque cas, en l&rsquo;informant du responsable du traitement effectu\u00e9, de l&rsquo;adresse du responsable, de la possibilit\u00e9 d&rsquo;exercer ses droits d&rsquo;acc\u00e8s, de rectification, de suppression, d&rsquo;opposition, de limitation et de portabilit\u00e9, de la finalit\u00e9 du traitement et des communications de donn\u00e9es \u00e0 des tiers, le cas \u00e9ch\u00e9ant.<\/p>\n<p>De m\u00eame, MAQUINARIA OBRA PUBLICA USADA, S.A., cr\u00e9ateur du site web, informe qu&rsquo;elle se conforme \u00e0 la loi 34\/2002 du 11 juillet, sur les services de la soci\u00e9t\u00e9 de l&rsquo;information et du commerce \u00e9lectronique et demandera \u00e0 l&rsquo;utilisateur son consentement au traitement de son courrier \u00e9lectronique \u00e0 des fins commerciales \u00e0 tout moment.<\/p>\n<p><strong>Mineurs<\/strong><\/p>\n<p>Le contenu de la page web est destin\u00e9 aux personnes majeures. MAQUINARIA OBRA PUBLICA USADA, S.A. n&rsquo;a pas l&rsquo;intention d&rsquo;obtenir des donn\u00e9es de personnes mineures. Lorsque MAQUINARIA OBRA PUBLICA USADA, S.A. a connaissance de l&rsquo;existence dans son fichier de donn\u00e9es \u00e0 caract\u00e8re personnel d&rsquo;un mineur, elle proc\u00e9dera imm\u00e9diatement \u00e0 l&rsquo;annulation de ces donn\u00e9es.  <\/p>\n<p><strong>Obligations de l&rsquo;utilisateur<\/strong><\/p>\n<p>L&rsquo;utilisateur doit respecter \u00e0 tout moment les termes et conditions \u00e9tablis par la page web.<\/p>\n<p>L&rsquo;utilisateur utilisera la page web de mani\u00e8re diligente et assumera toute responsabilit\u00e9 pouvant d\u00e9couler du non-respect des termes et conditions de la page web.<\/p>\n<p>L&rsquo;utilisateur ne pourra pas utiliser la page web pour transmettre, stocker, divulguer, promouvoir ou distribuer des donn\u00e9es ou des contenus porteurs de virus ou de tout autre code informatique, fichiers ou programmes con\u00e7us pour interrompre, d\u00e9truire ou nuire au fonctionnement de tout programme ou \u00e9quipement informatique ou de t\u00e9l\u00e9communications.<\/p>\n<p><strong>Propri\u00e9t\u00e9 industrielle et intellectuelle<\/strong><\/p>\n<p>MAQUINARIA OBRA PUBLICA USADA, S.A., par elle-m\u00eame ou en tant que cessionnaire, est titulaire de tous les droits de propri\u00e9t\u00e9 intellectuelle et industrielle de sa page web, ainsi que des \u00e9l\u00e9ments contenus dans celle-ci (\u00e0 titre indicatif, images, son, audio, vid\u00e9o, logiciels ou textes ; marques ou logos, combinaisons de couleurs, structure et design, s\u00e9lection des mat\u00e9riaux utilis\u00e9s, programmes informatiques n\u00e9cessaires \u00e0 son fonctionnement, acc\u00e8s et utilisation, etc.).<\/p>\n<p>En vertu des dispositions des articles 8 et 32.1, deuxi\u00e8me alin\u00e9a, de la loi sur la propri\u00e9t\u00e9 intellectuelle, sont express\u00e9ment interdites la reproduction, la distribution et la communication publique, y compris sa modalit\u00e9 de mise \u00e0 disposition, de tout ou partie des contenus de cette page web, \u00e0 des fins commerciales, sur tout support et par tout moyen technique, sans l&rsquo;autorisation de MAQUINARIA OBRA PUBLICA USADA, S.A. Tous droits r\u00e9serv\u00e9s.<\/p>\n<p>L&rsquo;UTILISATEUR s&rsquo;engage \u00e0 respecter les droits de propri\u00e9t\u00e9 intellectuelle et industrielle d\u00e9tenus par MAQUINARIA OBRA PUBLICA USADA, S.A. Il pourra visualiser les \u00e9l\u00e9ments du portail et m\u00eame les imprimer, les copier et les stocker sur le disque dur de son ordinateur ou sur tout autre support physique, \u00e0 condition que ce soit, uniquement et exclusivement, pour son usage personnel et priv\u00e9. L&rsquo;UTILISATEUR devra s&rsquo;abstenir de supprimer, d&rsquo;alt\u00e9rer, d&rsquo;\u00e9luder ou de manipuler tout dispositif de protection ou syst\u00e8me de s\u00e9curit\u00e9 qui serait install\u00e9 sur les pages de MAQUINARIA OBRA PUBLICA USADA, S.A. <\/p>\n<p><strong>Droit d&rsquo;exclusion<\/strong><\/p>\n<p>MAQUINARIA OBRA PUBLICA USADA, S.A. se r\u00e9serve le droit de refuser ou de retirer l&rsquo;acc\u00e8s au portail et\/ou aux services offerts sans pr\u00e9avis, \u00e0 sa propre initiative ou \u00e0 celle d&rsquo;un tiers, aux utilisateurs qui ne respectent pas les conditions d&rsquo;utilisation du portail.<\/p>\n<p>MAQUINARIA OBRA PUBLICA USADA, S.A. poursuivra le non-respect des conditions d&rsquo;utilisation du portail, ainsi que toute utilisation abusive de son portail, en exer\u00e7ant toutes les actions civiles et p\u00e9nales qui pourraient lui correspondre en droit.<\/p>\n<p><strong>Modifications et liens<\/strong><\/p>\n<p>MAQUINARIA OBRA PUBLICA USADA, S.A. se r\u00e9serve le droit d&rsquo;effectuer sans pr\u00e9avis les modifications qu&rsquo;elle jugera opportunes sur son site web, pouvant changer, supprimer ou ajouter aussi bien les contenus et services qu&rsquo;elle fournit que la mani\u00e8re dont ceux-ci apparaissent pr\u00e9sent\u00e9s ou localis\u00e9s, ainsi que dans les conditions g\u00e9n\u00e9rales de vente ici d\u00e9termin\u00e9es.<\/p>\n<p>MAQUINARIA OBRA PUBLICA USADA, S.A. ne se responsabilise pas de la mauvaise utilisation qui serait faite des contenus de sa page web, \u00e9tant de la responsabilit\u00e9 exclusive de la personne qui y acc\u00e8de ou les utilise.<\/p>\n<p>Dans le cas o\u00f9 https:\/\/moplusmaquinaria.com\/ disposerait de liens ou d&rsquo;hyperliens vers d&rsquo;autres sites Internet, MAQUINARIA OBRA PUBLICA USADA, S.A., cr\u00e9ateur du site web, n&rsquo;exercera aucun type de contr\u00f4le sur lesdits sites et contenus. En aucun cas, MAQUINARIA OBRA PUBLICA USADA, S.A., cr\u00e9ateur du site web, n&rsquo;assumera aucune responsabilit\u00e9 pour les contenus d&rsquo;un lien appartenant \u00e0 un site web tiers, ni ne garantira la disponibilit\u00e9 technique, la qualit\u00e9, la fiabilit\u00e9, l&rsquo;exactitude, l&rsquo;\u00e9tendue, la v\u00e9racit\u00e9, la validit\u00e9 et la constitutionnalit\u00e9 de tout mat\u00e9riel ou information contenu dans aucun desdits hyperliens ou autres sites Internet. De m\u00eame, l&rsquo;inclusion de ces connexions externes n&rsquo;impliquera aucun type d&rsquo;association, de fusion ou de participation avec les entit\u00e9s connect\u00e9es.  <\/p>\n<p><strong>Loi applicable et juridiction comp\u00e9tente<\/strong><\/p>\n<p>Les conditions d&rsquo;utilisation de la page web contenues dans les pr\u00e9sentes mentions l\u00e9gales, ainsi que les relations entre l&rsquo;utilisateur et MAQUINARIA OBRA PUBLICA USADA, S.A., seront r\u00e9gies et interpr\u00e9t\u00e9es conform\u00e9ment aux lois espagnoles. Pour la r\u00e9solution de tout conflit qui pourrait survenir, l&rsquo;utilisateur et MAQUINARIA OBRA PUBLICA USADA, S.A. se soumettent express\u00e9ment \u00e0 la comp\u00e9tence et \u00e0 la juridiction des tribunaux de la ville de HUESCA, renon\u00e7ant express\u00e9ment \u00e0 toute autre juridiction qui pourrait leur correspondre. <\/p>\n","protected":false},"excerpt":{"rendered":"<p>Conform\u00e9ment \u00e0 l&rsquo;art. 10 de la loi 34\/2002, du 11 juillet, sur les services de la soci\u00e9t\u00e9 de l&rsquo;information et du commerce \u00e9lectronique (LSSI+CE), nous vous informons : Le titulaire de la page https:\/\/moplusmaquinaria.com\/ est : D\u00e9nomination sociale : MAQUINARIA OBRA PUBLICA USADA, S.A. CIF : A22946891 Domicile : Av. Nuestra Se\u00f1ora Del Pilar, n\u00ba [&hellip;]<\/p>\n","protected":false},"author":1,"featured_media":0,"parent":0,"menu_order":0,"comment_status":"closed","ping_status":"closed","template":"","meta":{"_acf_changed":false,"site-sidebar-layout":"default","site-content-layout":"default","ast-site-content-layout":"default","site-content-style":"default","site-sidebar-style":"default","ast-global-header-display":"","ast-banner-title-visibility":"","ast-main-header-display":"","ast-hfb-above-header-display":"","ast-hfb-below-header-display":"","ast-hfb-mobile-header-display":"","site-post-title":"","ast-breadcrumbs-content":"","ast-featured-img":"","footer-sml-layout":"","ast-disable-related-posts":"","theme-transparent-header-meta":"default","adv-header-id-meta":"","stick-header-meta":"default","header-above-stick-meta":"","header-main-stick-meta":"","header-below-stick-meta":"","astra-migrate-meta-layouts":"default","ast-page-background-enabled":"default","ast-page-background-meta":{"desktop":{"background-color":"var(--ast-global-color-4)","background-image":"","background-repeat":"repeat","background-position":"center center","background-size":"auto","background-attachment":"scroll","background-type":"","background-media":"","overlay-type":"","overlay-color":"","overlay-opacity":"","overlay-gradient":""},"tablet":{"background-color":"","background-image":"","background-repeat":"repeat","background-position":"center center","background-size":"auto","background-attachment":"scroll","background-type":"","background-media":"","overlay-type":"","overlay-color":"","overlay-opacity":"","overlay-gradient":""},"mobile":{"background-color":"","background-image":"","background-repeat":"repeat","background-position":"center center","background-size":"auto","background-attachment":"scroll","background-type":"","background-media":"","overlay-type":"","overlay-color":"","overlay-opacity":"","overlay-gradient":""}},"ast-content-background-meta":{"desktop":{"background-color":"var(--ast-global-color-5)","background-image":"","background-repeat":"repeat","background-position":"center center","background-size":"auto","background-attachment":"scroll","background-type":"","background-media":"","overlay-type":"","overlay-color":"","overlay-opacity":"","overlay-gradient":""},"tablet":{"background-color":"var(--ast-global-color-5)","background-image":"","background-repeat":"repeat","background-position":"center center","background-size":"auto","background-attachment":"scroll","background-type":"","background-media":"","overlay-type":"","overlay-color":"","overlay-opacity":"","overlay-gradient":""},"mobile":{"background-color":"var(--ast-global-color-5)","background-image":"","background-repeat":"repeat","background-position":"center center","background-size":"auto","background-attachment":"scroll","background-type":"","background-media":"","overlay-type":"","overlay-color":"","overlay-opacity":"","overlay-gradient":""}},"footnotes":""},"class_list":["post-2257","page","type-page","status-publish","hentry"],"acf":[],"yoast_head":"<!-- This site is optimized with the Yoast SEO plugin v27.2 - https:\/\/yoast.com\/product\/yoast-seo-wordpress\/ -->\n<title>Mentions l\u00e9gales - MACHINES MOPLUS<\/title>\n<meta name=\"robots\" content=\"noindex, follow\" \/>\n<meta property=\"og:locale\" content=\"fr_FR\" \/>\n<meta property=\"og:type\" content=\"article\" \/>\n<meta property=\"og:title\" content=\"Mentions l\u00e9gales - MACHINES MOPLUS\" \/>\n<meta property=\"og:description\" content=\"Conform\u00e9ment \u00e0 l&rsquo;art. 10 de la loi 34\/2002, du 11 juillet, sur les services de la soci\u00e9t\u00e9 de l&rsquo;information et du commerce \u00e9lectronique (LSSI+CE), nous vous informons : Le titulaire de la page https:\/\/moplusmaquinaria.com\/ est : D\u00e9nomination sociale : MAQUINARIA OBRA PUBLICA USADA, S.A. CIF : A22946891 Domicile : Av. Nuestra Se\u00f1ora Del Pilar, n\u00ba [&hellip;]\" \/>\n<meta property=\"og:url\" content=\"https:\/\/moplusmaquinaria.com\/fr\/mentions-legales\/\" \/>\n<meta property=\"og:site_name\" content=\"MACHINES MOPLUS\" \/>\n<meta property=\"article:modified_time\" content=\"2026-01-20T06:09:53+00:00\" \/>\n<meta name=\"twitter:card\" content=\"summary_large_image\" \/>\n<meta name=\"twitter:label1\" content=\"Dur\u00e9e de lecture estim\u00e9e\" \/>\n\t<meta name=\"twitter:data1\" content=\"6 minutes\" \/>\n<script type=\"application\/ld+json\" class=\"yoast-schema-graph\">{\"@context\":\"https:\/\/schema.org\",\"@graph\":[{\"@type\":\"WebPage\",\"@id\":\"https:\/\/moplusmaquinaria.com\/fr\/mentions-legales\/\",\"url\":\"https:\/\/moplusmaquinaria.com\/fr\/mentions-legales\/\",\"name\":\"Mentions l\u00e9gales - MACHINES MOPLUS\",\"isPartOf\":{\"@id\":\"https:\/\/moplusmaquinaria.com\/fr\/#website\"},\"datePublished\":\"2021-02-22T07:37:14+00:00\",\"dateModified\":\"2026-01-20T06:09:53+00:00\",\"breadcrumb\":{\"@id\":\"https:\/\/moplusmaquinaria.com\/fr\/mentions-legales\/#breadcrumb\"},\"inLanguage\":\"fr-FR\",\"potentialAction\":[{\"@type\":\"ReadAction\",\"target\":[\"https:\/\/moplusmaquinaria.com\/fr\/mentions-legales\/\"]}]},{\"@type\":\"BreadcrumbList\",\"@id\":\"https:\/\/moplusmaquinaria.com\/fr\/mentions-legales\/#breadcrumb\",\"itemListElement\":[{\"@type\":\"ListItem\",\"position\":1,\"name\":\"Accueil\",\"item\":\"https:\/\/moplusmaquinaria.com\/fr\/\"},{\"@type\":\"ListItem\",\"position\":2,\"name\":\"Mentions l\u00e9gales\"}]},{\"@type\":\"WebSite\",\"@id\":\"https:\/\/moplusmaquinaria.com\/fr\/#website\",\"url\":\"https:\/\/moplusmaquinaria.com\/fr\/\",\"name\":\"MAQUINARIA OBRA PUBLICA USADA, S.A.\",\"description\":\"Venta de maquinar\u00eda pesada y obra p\u00fablica, m\u00e1s de 40 a\u00f1os de experiencia nos avalan.\",\"publisher\":{\"@id\":\"https:\/\/moplusmaquinaria.com\/fr\/#organization\"},\"potentialAction\":[{\"@type\":\"SearchAction\",\"target\":{\"@type\":\"EntryPoint\",\"urlTemplate\":\"https:\/\/moplusmaquinaria.com\/fr\/?s={search_term_string}\"},\"query-input\":{\"@type\":\"PropertyValueSpecification\",\"valueRequired\":true,\"valueName\":\"search_term_string\"}}],\"inLanguage\":\"fr-FR\"},{\"@type\":\"Organization\",\"@id\":\"https:\/\/moplusmaquinaria.com\/fr\/#organization\",\"name\":\"MOPLUS\",\"url\":\"https:\/\/moplusmaquinaria.com\/fr\/\",\"logo\":{\"@type\":\"ImageObject\",\"inLanguage\":\"fr-FR\",\"@id\":\"https:\/\/moplusmaquinaria.com\/fr\/#\/schema\/logo\/image\/\",\"url\":\"https:\/\/moplusmaquinaria.com\/wp-content\/uploads\/2025\/12\/MOPLUS-color.png?v=1766503610\",\"contentUrl\":\"https:\/\/moplusmaquinaria.com\/wp-content\/uploads\/2025\/12\/MOPLUS-color.png?v=1766503610\",\"width\":1921,\"height\":377,\"caption\":\"MOPLUS\"},\"image\":{\"@id\":\"https:\/\/moplusmaquinaria.com\/fr\/#\/schema\/logo\/image\/\"}}]}<\/script>\n<!-- \/ Yoast SEO plugin. -->","yoast_head_json":{"title":"Mentions l\u00e9gales - MACHINES MOPLUS","robots":{"index":"noindex","follow":"follow"},"og_locale":"fr_FR","og_type":"article","og_title":"Mentions l\u00e9gales - MACHINES MOPLUS","og_description":"Conform\u00e9ment \u00e0 l&rsquo;art. 10 de la loi 34\/2002, du 11 juillet, sur les services de la soci\u00e9t\u00e9 de l&rsquo;information et du commerce \u00e9lectronique (LSSI+CE), nous vous informons : Le titulaire de la page https:\/\/moplusmaquinaria.com\/ est : D\u00e9nomination sociale : MAQUINARIA OBRA PUBLICA USADA, S.A. CIF : A22946891 Domicile : Av. Nuestra Se\u00f1ora Del Pilar, n\u00ba [&hellip;]","og_url":"https:\/\/moplusmaquinaria.com\/fr\/mentions-legales\/","og_site_name":"MACHINES MOPLUS","article_modified_time":"2026-01-20T06:09:53+00:00","twitter_card":"summary_large_image","twitter_misc":{"Dur\u00e9e de lecture estim\u00e9e":"6 minutes"},"schema":{"@context":"https:\/\/schema.org","@graph":[{"@type":"WebPage","@id":"https:\/\/moplusmaquinaria.com\/fr\/mentions-legales\/","url":"https:\/\/moplusmaquinaria.com\/fr\/mentions-legales\/","name":"Mentions l\u00e9gales - MACHINES MOPLUS","isPartOf":{"@id":"https:\/\/moplusmaquinaria.com\/fr\/#website"},"datePublished":"2021-02-22T07:37:14+00:00","dateModified":"2026-01-20T06:09:53+00:00","breadcrumb":{"@id":"https:\/\/moplusmaquinaria.com\/fr\/mentions-legales\/#breadcrumb"},"inLanguage":"fr-FR","potentialAction":[{"@type":"ReadAction","target":["https:\/\/moplusmaquinaria.com\/fr\/mentions-legales\/"]}]},{"@type":"BreadcrumbList","@id":"https:\/\/moplusmaquinaria.com\/fr\/mentions-legales\/#breadcrumb","itemListElement":[{"@type":"ListItem","position":1,"name":"Accueil","item":"https:\/\/moplusmaquinaria.com\/fr\/"},{"@type":"ListItem","position":2,"name":"Mentions l\u00e9gales"}]},{"@type":"WebSite","@id":"https:\/\/moplusmaquinaria.com\/fr\/#website","url":"https:\/\/moplusmaquinaria.com\/fr\/","name":"MAQUINARIA OBRA PUBLICA USADA, S.A.","description":"Venta de maquinar\u00eda pesada y obra p\u00fablica, m\u00e1s de 40 a\u00f1os de experiencia nos avalan.","publisher":{"@id":"https:\/\/moplusmaquinaria.com\/fr\/#organization"},"potentialAction":[{"@type":"SearchAction","target":{"@type":"EntryPoint","urlTemplate":"https:\/\/moplusmaquinaria.com\/fr\/?s={search_term_string}"},"query-input":{"@type":"PropertyValueSpecification","valueRequired":true,"valueName":"search_term_string"}}],"inLanguage":"fr-FR"},{"@type":"Organization","@id":"https:\/\/moplusmaquinaria.com\/fr\/#organization","name":"MOPLUS","url":"https:\/\/moplusmaquinaria.com\/fr\/","logo":{"@type":"ImageObject","inLanguage":"fr-FR","@id":"https:\/\/moplusmaquinaria.com\/fr\/#\/schema\/logo\/image\/","url":"https:\/\/moplusmaquinaria.com\/wp-content\/uploads\/2025\/12\/MOPLUS-color.png?v=1766503610","contentUrl":"https:\/\/moplusmaquinaria.com\/wp-content\/uploads\/2025\/12\/MOPLUS-color.png?v=1766503610","width":1921,"height":377,"caption":"MOPLUS"},"image":{"@id":"https:\/\/moplusmaquinaria.com\/fr\/#\/schema\/logo\/image\/"}}]}},"_links":{"self":[{"href":"https:\/\/moplusmaquinaria.com\/fr\/wp-json\/wp\/v2\/pages\/2257","targetHints":{"allow":["GET"]}}],"collection":[{"href":"https:\/\/moplusmaquinaria.com\/fr\/wp-json\/wp\/v2\/pages"}],"about":[{"href":"https:\/\/moplusmaquinaria.com\/fr\/wp-json\/wp\/v2\/types\/page"}],"author":[{"embeddable":true,"href":"https:\/\/moplusmaquinaria.com\/fr\/wp-json\/wp\/v2\/users\/1"}],"replies":[{"embeddable":true,"href":"https:\/\/moplusmaquinaria.com\/fr\/wp-json\/wp\/v2\/comments?post=2257"}],"version-history":[{"count":1,"href":"https:\/\/moplusmaquinaria.com\/fr\/wp-json\/wp\/v2\/pages\/2257\/revisions"}],"predecessor-version":[{"id":2258,"href":"https:\/\/moplusmaquinaria.com\/fr\/wp-json\/wp\/v2\/pages\/2257\/revisions\/2258"}],"wp:attachment":[{"href":"https:\/\/moplusmaquinaria.com\/fr\/wp-json\/wp\/v2\/media?parent=2257"}],"curies":[{"name":"wp","href":"https:\/\/api.w.org\/{rel}","templated":true}]}}